{"id":14453,"date":"2026-02-03T17:55:52","date_gmt":"2026-02-03T16:55:52","guid":{"rendered":"https:\/\/www.rentacarsanfernando.com\/avis-legal\/"},"modified":"2026-02-04T11:24:39","modified_gmt":"2026-02-04T10:24:39","slug":"avis-legal","status":"publish","type":"page","link":"https:\/\/formenterarentamoto.com\/ca\/avis-legal\/","title":{"rendered":"Av\u00eds Legal"},"content":{"rendered":"\n<p><strong>Dades fiscals<\/strong><\/p>\n\n<ul class=\"wp-block-list\">\n<li>Titular: Formentera Rent a Moto SL<\/li>\n\n\n\n<li>NIF:  B07546336<\/li>\n\n\n\n<li>Adre\u00e7a: Pol\u00edgon de la Marina, 4, 07870 La Savina, Illes Balears<\/li>\n\n\n\n<li>Tel\u00e8fon: 971322695<\/li>\n<\/ul>\n\n<p><strong>Protecci\u00f3 de dades personals<\/strong><\/p>\n\n<p>Les dades de car\u00e0cter personal que es recullen a trav\u00e9s de la p\u00e0gina web, s\u00f3n \u00fanicament utilitzades a efectes de prestar els serveis sol\u00b7licitats aix\u00ed com procedir a la facturaci\u00f3 dels mateixos. Les seves dades seran ubicades en fitxers titularitat de Formentera Rent a Moto SL a efectes de facturaci\u00f3 i seran arxivats pel per\u00edode de temps legalment necessari. Vost\u00e8 podr\u00e0 exercir els drets d&#8217;acc\u00e9s, rectificaci\u00f3, cancel\u00b7laci\u00f3 i oposici\u00f3 per escrit a Formentera Rent a Moto SL al Pol\u00edgon de la Marina, 4, 07870 La Savina, Illes Balears. <\/p>\n\n<p><strong>Propietat intel\u00b7lectual i responsabilitat sobre els continguts<\/strong><\/p>\n\n<p>Queda prohibit qualsevol \u00fas de tots els continguts de la p\u00e0gina web, concretament sobre els textos, el disseny i el codi font, sense l&#8217;autoritzaci\u00f3 expressa dels seus titulars. Qualsevol \u00fas no perm\u00e8s ser\u00e0 degudament perseguit pels propietaris leg\u00edtims.<\/p>\n\n<p>El titular de la p\u00e0gina web no es fa responsable dels continguts a qu\u00e8 s&#8217;adrecen els enlla\u00e7os ubicats en aquesta, segons el que estableix l&#8217;article 17 de la LSSICE.<\/p>\n","protected":false},"excerpt":{"rendered":"<p>Dades fiscals Protecci\u00f3 de dades personals Les dades de car\u00e0cter personal que es recullen a trav\u00e9s de la p\u00e0gina web, s\u00f3n \u00fanicament utilitzades a efectes de prestar els serveis sol\u00b7licitats aix\u00ed com procedir a la facturaci\u00f3 dels mateixos. Les seves dades seran ubicades en fitxers titularitat de Formentera Rent a Moto SL a efectes de [&hellip;]<\/p>\n","protected":false},"author":100130,"featured_media":0,"parent":0,"menu_order":0,"comment_status":"closed","ping_status":"closed","template":"","meta":{"_acf_changed":false,"footnotes":""},"class_list":["post-14453","page","type-page","status-publish","hentry"],"acf":[],"_links":{"self":[{"href":"https:\/\/formenterarentamoto.com\/ca\/wp-json\/wp\/v2\/pages\/14453","targetHints":{"allow":["GET"]}}],"collection":[{"href":"https:\/\/formenterarentamoto.com\/ca\/wp-json\/wp\/v2\/pages"}],"about":[{"href":"https:\/\/formenterarentamoto.com\/ca\/wp-json\/wp\/v2\/types\/page"}],"author":[{"embeddable":true,"href":"https:\/\/formenterarentamoto.com\/ca\/wp-json\/wp\/v2\/users\/100130"}],"replies":[{"embeddable":true,"href":"https:\/\/formenterarentamoto.com\/ca\/wp-json\/wp\/v2\/comments?post=14453"}],"version-history":[{"count":2,"href":"https:\/\/formenterarentamoto.com\/ca\/wp-json\/wp\/v2\/pages\/14453\/revisions"}],"predecessor-version":[{"id":21481,"href":"https:\/\/formenterarentamoto.com\/ca\/wp-json\/wp\/v2\/pages\/14453\/revisions\/21481"}],"wp:attachment":[{"href":"https:\/\/formenterarentamoto.com\/ca\/wp-json\/wp\/v2\/media?parent=14453"}],"curies":[{"name":"wp","href":"https:\/\/api.w.org\/{rel}","templated":true}]}}