{"id":14458,"date":"2026-02-03T17:56:34","date_gmt":"2026-02-03T16:56:34","guid":{"rendered":"https:\/\/www.rentacarsanfernando.com\/politica-de-cookies-2\/"},"modified":"2026-02-04T11:24:47","modified_gmt":"2026-02-04T10:24:47","slug":"politica-de-cookies-2","status":"publish","type":"page","link":"https:\/\/formenterarentamoto.com\/ca\/politica-de-cookies-2\/","title":{"rendered":"Pol\u00edtica de cookies"},"content":{"rendered":"\n<p><strong>Qu\u00e8 s\u00f3n les galetes?<\/strong><\/p>\n\n<p>Cookie \u00e9s un fitxer que es descarrega al vostre ordinador en accedir a determinades p\u00e0gines web. Les galetes permeten a una p\u00e0gina web, entre altres coses, emmagatzemar i recuperar informaci\u00f3 sobre els h\u00e0bits de navegaci\u00f3 d&#8217;un usuari o del seu equip i, depenent de la informaci\u00f3 que continguin i de la manera com utilitzi el seu equip, es poden utilitzar per recon\u00e8ixer a l&#8217;usuari. El navegador de l&#8217;usuari memoritza cookies al disc dur nom\u00e9s durant la sessi\u00f3 actual ocupant un espai de mem\u00f2ria m\u00ednim i no perjudicant l&#8217;ordinador. Les galetes no contenen cap tipus d&#8217;informaci\u00f3 personal espec\u00edfica, i la majoria s&#8217;esborren del disc dur en finalitzar la sessi\u00f3 de navegador (les anomenades galetes de sessi\u00f3).<\/p>\n\n<p>La majoria dels navegadors accepten com a est\u00e0ndard les galetes i, amb independ\u00e8ncia de les mateixes, permeten o impedeixen en els ajustaments de seguretat les galetes temporals o memoritzades.<\/p>\n\n<p>Sense el vostre expr\u00e9s consentiment \u2013mitjan\u00e7ant l&#8217;activaci\u00f3 de les cookies al vostre navegador\u2013 aquesta p\u00e0gina no enlla\u00e7ar\u00e0 a les cookies les dades memoritzades amb les vostres dades personals proporcionades en el moment del registre o la compra.<\/p>\n\n<p><strong>Quins tipus de galetes utilitza aquesta p\u00e0gina web?<\/strong><\/p>\n\n<ul class=\"wp-block-list\">\n<li><strong>Cookies t\u00e8cniques:<\/strong> S\u00f3n aquelles que permeten a l&#8217;usuari la navegaci\u00f3 a trav\u00e9s d&#8217;una p\u00e0gina web, plataforma o aplicaci\u00f3 i la utilitzaci\u00f3 de les diferents opcions o serveis que hi hagi com, per exemple, controlar el tr\u00e0nsit i la comunicaci\u00f3 de dades, identificar la sessi\u00f3, accedir a parts d&#8217;acc\u00e9s restringit, recordar els elements que integren una comanda, realitzar un proc\u00e9s de compra d&#8217;una comanda, fer la sol\u00b7licitud d&#8217;inscripci\u00f3 difusi\u00f3 de v\u00eddeos o so o compartir continguts a trav\u00e9s de xarxes socials.<\/li>\n\n\n\n<li><strong>Galetes de personalitzaci\u00f3:<\/strong> S\u00f3n aquelles que permeten a l&#8217;usuari accedir al servei amb algunes caracter\u00edstiques de car\u00e0cter general predefinides en funci\u00f3 d&#8217;una s\u00e8rie de criteris al terminal de l&#8217;usuari com ara serien l&#8217;idioma, el tipus de navegador a trav\u00e9s del qual accedeix al servei, la configuraci\u00f3 regional des d&#8217;on accedeix al servei, etc.<\/li>\n\n\n\n<li><strong>Cookies d&#8217;an\u00e0lisi:<\/strong> S\u00f3n aquelles que ben tractades per nosaltres o per tercers, ens permeten quantificar el nombre d&#8217;usuaris i aix\u00ed realitzar el mesurament i l&#8217;an\u00e0lisi estad\u00edstica de la utilitzaci\u00f3 que fan els usuaris del servei ofert. Per aix\u00f2 s&#8217;analitza la vostra navegaci\u00f3 a la nostra p\u00e0gina web per tal de millorar l&#8217;oferta de productes o serveis que us oferim.<\/li>\n\n\n\n<li><strong>Cookies publicit\u00e0ries:<\/strong> S\u00f3n aquelles que, ben tractades per nosaltres o per tercers, ens permeten gestionar de la manera m\u00e9s efica\u00e7 possible l&#8217;oferta dels espais publicitaris que hi ha a la p\u00e0gina web, adequant el contingut de l&#8217;anunci al contingut del servei sol\u00b7licitat oa l&#8217;\u00fas que faci de la nostra p\u00e0gina web. Per aix\u00f2 podem analitzar els seus h\u00e0bits de navegaci\u00f3 a Internet i podem mostrar publicitat relacionada amb el seu perfil de navegaci\u00f3.<\/li>\n\n\n\n<li><strong>Cookies de publicitat comportamental:<\/strong> S\u00f3n aquelles que permeten la gesti\u00f3, de la manera m\u00e9s efica\u00e7 possible, dels espais publicitaris que, si escau, l&#8217;editor hagi incl\u00f2s en una p\u00e0gina web, aplicaci\u00f3 o plataforma des de la qual presta el servei sol\u00b7licitat. Aquestes cookies emmagatzemen informaci\u00f3 del comportament dels usuaris obtinguda a trav\u00e9s de l&#8217;observaci\u00f3 continuada dels seus h\u00e0bits de navegaci\u00f3, cosa que permet desenvolupar un perfil espec\u00edfic per mostrar publicitat en funci\u00f3 del mateix.<\/li>\n<\/ul>\n\n<p><strong>Galetes de tercers<\/strong><\/p>\n\n<p>Aquest lloc web pot utilitzar serveis de tercers que recopilaran informaci\u00f3 amb finalitats estad\u00edstiques, d\u00fas del Site per part de lusuari i per a la prestaci\u00f3 daltres serveis relacionats amb lactivitat del Website i altres serveis dInternet.<\/p>\n\n<p>En particular, aquest lloc web utilitza:<\/p>\n\n<ul class=\"wp-block-list\">\n<li>Les galetes de <a href=\"http:\/\/www.google.com\/intl\/es\/analytics\/privacyoverview.html\" target=\"_blank\" rel=\"noreferrer noopener\">Google Analytics<\/a> : s&#8217;utilitzen per tal d&#8217;analitzar i mesurar com els visitants usen aquest lloc web. La informaci\u00f3 serveix per elaborar informes que permeten millorar aquest lloc. Aquestes <em>galetes<\/em> recopilen informaci\u00f3 en forma an\u00f2nima, incloent el nombre de visitants al lloc, com han arribat al mateix i les p\u00e0gines que va visitar mentre navegava al nostre lloc web.<\/li>\n\n\n\n<li>Les cookies de <a href=\"https:\/\/support.google.com\/youtube\/answer\/2407785?hl=es-419\" target=\"_blank\" rel=\"noreferrer noopener\">YouTube<\/a> : s&#8217;utilitzen per comptabilitzar el nombre de visualitzacions dels v\u00eddeos incrustats en altres webs.<\/li>\n\n\n\n<li>Les galetes d&#8217; <a href=\"http:\/\/www.addthis.com\/privacy\" target=\"_blank\" rel=\"noreferrer noopener\">AddThis<\/a> : \u00e9s una empresa tecnol\u00f2gica que permet als llocs web i als seus usuaris compartir f\u00e0cilment el contingut amb els altres, a trav\u00e9s d&#8217;icones d&#8217;intercanvi i de les destinacions de bookmarking social. Les galetes AddThis s&#8217;utilitzen per habilitar el contingut per ser compartit. AddThis tamb\u00e9 s&#8217;utilitza per recopilar informaci\u00f3 sobre com compartir contingut del lloc web. Les galetes ajuden a identificar de manera \u00fanica un usuari (encara que no de forma personal, sin\u00f3 quant a adre\u00e7a) per no repetir tasques dins d&#8217;un per\u00edode de temps especificat.<\/li>\n\n\n\n<li>Altres galetes de personalitzaci\u00f3: Aquestes galetes permeten a l&#8217;usuari especificar o personalitzar algunes caracter\u00edstiques de les opcions generals de la p\u00e0gina web. Per exemple, definir l&#8217;idioma, la configuraci\u00f3 regional o el tipus de navegador. <a href=\"http:\/\/www.addthis.com\/privacy\" target=\"_blank\" rel=\"noreferrer noopener\">Addthis<\/a> <a href=\"https:\/\/es-es.facebook.com\/help\/cookies\" target=\"_blank\" rel=\"noreferrer noopener\">Facebook<\/a> <a href=\"https:\/\/twitter.com\/privacy\" target=\"_blank\" rel=\"noreferrer noopener\">Twitter<\/a> <a href=\"http:\/\/www.google.es\/intl\/es\/policies\/technologies\/types\/\" target=\"_blank\" rel=\"noreferrer noopener\">Google<\/a> <a href=\"https:\/\/support.google.com\/youtube\/answer\/2407785?hl=es-419\" target=\"_blank\" rel=\"noreferrer noopener\">YouTube<\/a><\/li>\n<\/ul>\n\n<p><strong>L&#8217;Usuari accepta expressament, per la utilitzaci\u00f3 d&#8217;aquest Site, el tractament de la informaci\u00f3 recollida en la forma i amb les finalitats anteriorment esmentades.<\/strong>  I tamb\u00e9 reconeix con\u00e8ixer la possibilitat de rebutjar el tractament d&#8217;aquestes dades o informaci\u00f3 rebutjant l&#8217;\u00fas de Cookies mitjan\u00e7ant la selecci\u00f3 de la configuraci\u00f3 apropiada amb aquesta finalitat al vostre navegador. Si b\u00e9 aquesta opci\u00f3 de bloqueig de Cookies al vostre navegador pot no permetre l&#8217;\u00fas ple de totes les funcionalitats del Website.<\/p>\n\n<p>Podeu permetre, bloquejar o eliminar les cookies instal\u00b7lades al vostre equip mitjan\u00e7ant la configuraci\u00f3 de les opcions del navegador instal\u00b7lat al vostre ordinador:<\/p>\n\n<ul class=\"wp-block-list\">\n<li><a href=\"http:\/\/support.google.com\/chrome\/bin\/answer.py?hl=es&amp;answer=95647\" target=\"_blank\" rel=\"noreferrer noopener\">Chrome<\/a><\/li>\n\n\n\n<li><a href=\"https:\/\/support.microsoft.com\/es-es\/windows\/eliminar-y-administrar-cookies-168dab11-0753-043d-7c16-ede5947fc64d\" target=\"_blank\" rel=\"noreferrer noopener\">Edge<\/a><\/li>\n\n\n\n<li><a href=\"http:\/\/support.mozilla.org\/es\/kb\/habilitar-y-deshabilitar-cookies-que-los-sitios-we\" target=\"_blank\" rel=\"noreferrer noopener\">Firefox<\/a><\/li>\n\n\n\n<li><a href=\"http:\/\/support.apple.com\/kb\/ph5042\" target=\"_blank\" rel=\"noreferrer noopener\">Safari<\/a><\/li>\n<\/ul>\n\n<p>Si teniu dubtes sobre aquesta pol\u00edtica de cookies, podeu contactar amb nosaltres a<a href=\"mailto:info@formenterarentamoto.com\">info@formenterarentamoto.com<\/a> .<\/p>\n","protected":false},"excerpt":{"rendered":"<p>Qu\u00e8 s\u00f3n les galetes? Cookie \u00e9s un fitxer que es descarrega al vostre ordinador en accedir a determinades p\u00e0gines web. Les galetes permeten a una p\u00e0gina web, entre altres coses, emmagatzemar i recuperar informaci\u00f3 sobre els h\u00e0bits de navegaci\u00f3 d&#8217;un usuari o del seu equip i, depenent de la informaci\u00f3 que continguin i de la [&hellip;]<\/p>\n","protected":false},"author":100130,"featured_media":0,"parent":0,"menu_order":0,"comment_status":"closed","ping_status":"closed","template":"","meta":{"_acf_changed":false,"footnotes":""},"class_list":["post-14458","page","type-page","status-publish","hentry"],"acf":[],"_links":{"self":[{"href":"https:\/\/formenterarentamoto.com\/ca\/wp-json\/wp\/v2\/pages\/14458","targetHints":{"allow":["GET"]}}],"collection":[{"href":"https:\/\/formenterarentamoto.com\/ca\/wp-json\/wp\/v2\/pages"}],"about":[{"href":"https:\/\/formenterarentamoto.com\/ca\/wp-json\/wp\/v2\/types\/page"}],"author":[{"embeddable":true,"href":"https:\/\/formenterarentamoto.com\/ca\/wp-json\/wp\/v2\/users\/100130"}],"replies":[{"embeddable":true,"href":"https:\/\/formenterarentamoto.com\/ca\/wp-json\/wp\/v2\/comments?post=14458"}],"version-history":[{"count":2,"href":"https:\/\/formenterarentamoto.com\/ca\/wp-json\/wp\/v2\/pages\/14458\/revisions"}],"predecessor-version":[{"id":21471,"href":"https:\/\/formenterarentamoto.com\/ca\/wp-json\/wp\/v2\/pages\/14458\/revisions\/21471"}],"wp:attachment":[{"href":"https:\/\/formenterarentamoto.com\/ca\/wp-json\/wp\/v2\/media?parent=14458"}],"curies":[{"name":"wp","href":"https:\/\/api.w.org\/{rel}","templated":true}]}}