{"id":14460,"date":"2026-02-03T17:56:04","date_gmt":"2026-02-03T16:56:04","guid":{"rendered":"https:\/\/www.rentacarsanfernando.com\/condicions-de-reserva-i-cancel%c2%b7lacio\/"},"modified":"2026-02-04T11:24:43","modified_gmt":"2026-02-04T10:24:43","slug":"condicions-de-reserva-i-cancel%c2%b7lacio","status":"publish","type":"page","link":"https:\/\/formenterarentamoto.com\/ca\/condicions-de-reserva-i-cancel%c2%b7lacio\/","title":{"rendered":"Condicions de reserva i cancel\u00b7laci\u00f3"},"content":{"rendered":"\n<ul class=\"wp-block-list\">\n<li>Lliurament i devoluci\u00f3 de benzina plena\/plena (en cas contrari es pagar\u00e0 segons all\u00f2 estipulat a l&#8217;oficina).<\/li>\n\n\n\n<li>Lliurament i devoluci\u00f3 en lloc, data i hora estipulada al contrari (al contrari cal avisar i rebre conformitat per part d&#8217;arrendador).<\/li>\n\n\n\n<li>Devoluci\u00f3 del vehicle i altres extres (com ara claus, cascos, cadenats, \u2026) en perfecte estat (en cas contrari pagar el que estigui estipulat ja sigui franqu\u00edcia que seria el m\u00e0xim o el que correspongui segons el dany, deteriorament o p\u00e8rdua).<\/li>\n\n\n\n<li>Avisar de qualsevol problema o avaria que es tingui amb el vehicle perqu\u00e8 l&#8217;arrendador ho pugui solucionar.<\/li>\n\n\n\n<li>Queda completament prohibit treure el vehicle de l&#8217;illa, subarrendar-lo o fer-ne un mal \u00fas.<\/li>\n\n\n\n<li>Es requereix l&#8217;edat m\u00ednima de 23 anys i 3 anys d&#8217;antiguitat del carnet de conduir per llogar cotxe o scooter de 125cc i 18 anys per a les scooter de 50cc<\/li>\n\n\n\n<li>Cal deixar c\u00f2pia de targeta de cr\u00e8dit com a garantia per als vehicles amb motor (si no en disposes, cal consultar amb l&#8217;empresa).<\/li>\n\n\n\n<li>Qualsevol multa per alguna infracci\u00f3 de tr\u00e0nsit o aparcament en durada del contracte anir\u00e0 a c\u00e0rrec del client.<\/li>\n\n\n\n<li>Es permetran cancel\u00b7lacions fins a 48 hores abans de la reserva amb reemborsament complet d&#8217;import anticipat si es demana via email.<\/li>\n<\/ul>\n","protected":false},"excerpt":{"rendered":"","protected":false},"author":100130,"featured_media":0,"parent":0,"menu_order":0,"comment_status":"closed","ping_status":"closed","template":"","meta":{"_acf_changed":false,"footnotes":""},"class_list":["post-14460","page","type-page","status-publish","hentry"],"acf":[],"_links":{"self":[{"href":"https:\/\/formenterarentamoto.com\/ca\/wp-json\/wp\/v2\/pages\/14460","targetHints":{"allow":["GET"]}}],"collection":[{"href":"https:\/\/formenterarentamoto.com\/ca\/wp-json\/wp\/v2\/pages"}],"about":[{"href":"https:\/\/formenterarentamoto.com\/ca\/wp-json\/wp\/v2\/types\/page"}],"author":[{"embeddable":true,"href":"https:\/\/formenterarentamoto.com\/ca\/wp-json\/wp\/v2\/users\/100130"}],"replies":[{"embeddable":true,"href":"https:\/\/formenterarentamoto.com\/ca\/wp-json\/wp\/v2\/comments?post=14460"}],"version-history":[{"count":3,"href":"https:\/\/formenterarentamoto.com\/ca\/wp-json\/wp\/v2\/pages\/14460\/revisions"}],"predecessor-version":[{"id":14470,"href":"https:\/\/formenterarentamoto.com\/ca\/wp-json\/wp\/v2\/pages\/14460\/revisions\/14470"}],"wp:attachment":[{"href":"https:\/\/formenterarentamoto.com\/ca\/wp-json\/wp\/v2\/media?parent=14460"}],"curies":[{"name":"wp","href":"https:\/\/api.w.org\/{rel}","templated":true}]}}