{"id":14499,"date":"2026-02-03T17:56:35","date_gmt":"2026-02-03T16:56:35","guid":{"rendered":"https:\/\/www.rentacarsanfernando.com\/politica-de-privadesa\/"},"modified":"2026-03-26T09:36:01","modified_gmt":"2026-03-26T08:36:01","slug":"politica-de-privadesa","status":"publish","type":"page","link":"https:\/\/formenterarentamoto.com\/ca\/politica-de-privadesa\/","title":{"rendered":"Pol\u00edtica de privadesa"},"content":{"rendered":"\n<p>La confidencialitat i la seguretat s\u00f3n valors primordials de Automoci\u00f3n San Fernando SL i, en conseq\u00fc\u00e8ncia, assumim el comprom\u00eds de garantir la privadesa de l&#8217;Usuari en tot moment i de no demanar informaci\u00f3 innecess\u00e0ria. A continuaci\u00f3, us proporcionem tota la informaci\u00f3 necess\u00e0ria sobre la nostra Pol\u00edtica de Privadesa en relaci\u00f3 amb les dades personals que demanem, explicant-vos:<\/p>\n\n\n\n<ul class=\"wp-block-list\">\n<li>Qui \u00e9s el responsable del tractament de les vostres dades.<\/li>\n\n\n\n<li>Per a quines finalitats demanem les dades que us demanem.<\/li>\n\n\n\n<li>Quina \u00e9s la legitimaci\u00f3 per al tractament.<\/li>\n\n\n\n<li>Durant quant de temps els conservem.<\/li>\n\n\n\n<li>A quins destinataris es comuniquen les vostres dades.<\/li>\n\n\n\n<li>Quins s\u00f3n els vostres drets.<\/li>\n<\/ul>\n\n\n\n<p><strong>1. Responsable:<\/strong><\/p>\n\n\n\n<ul class=\"wp-block-list\">\n<li>Ra\u00f3 Social: Automoci\u00f3n San Fernando SL<\/li>\n\n\n\n<li>Adre\u00e7a: Pol\u00edgon de la Marina, 4, 07870 La Savina, Illes Balears<\/li>\n\n\n\n<li>e-mail: info@formenterarentamoto.com<\/li>\n<\/ul>\n\n\n\n<p><strong>2. Finalitats, legitimaci\u00f3 i conservaci\u00f3 dels tractaments de les dades enviades a trav\u00e9s de:<\/strong><\/p>\n\n\n\n<ul class=\"wp-block-list\">\n<li><strong>FORMULARI DE CONTACTE.<\/strong><\/li>\n<\/ul>\n\n\n\n<p>Finalitat: Facilitar-vos un mitj\u00e0 perqu\u00e8 pugueu posar-vos en contacte amb nosaltres i contestar les vostres sol\u00b7licituds d&#8217;informaci\u00f3, aix\u00ed com enviar-vos comunicacions dels nostres productes, serveis i activitats, inclusivament per mitjans electr\u00f2nics (Correu electr\u00f2nic, SMS, WhatsApp), si marqueu la casella d&#8217;acceptaci\u00f3.<\/p>\n\n\n\n<p>Legitimaci\u00f3: El consentiment de l&#8217;usuari en sol\u00b7licitar-nos informaci\u00f3 a trav\u00e9s del nostre formulari de contactes i marcar la casella d&#8217;acceptaci\u00f3 d&#8217;enviament d&#8217;informaci\u00f3.<\/p>\n\n\n\n<p>Conservaci\u00f3: Un cop resulta la vostra sol\u00b7licitud per mitj\u00e0 del nostre formulari o contestada per correu electr\u00f2nic, si no heu generat un nou tractament, i en cas d&#8217;haver acceptat rebre enviaments comercials, fins que sol\u00b7liciteu la baixa dels mateixos.<\/p>\n\n\n\n<ul class=\"wp-block-list\">\n<li><strong>ENVIAMENT DE CORREUS ELECTR\u00d2NICS.<\/strong><\/li>\n<\/ul>\n\n\n\n<p>Finalitat: Contestar les vostres sol\u00b7licituds d&#8217;informaci\u00f3, atendre les vostres peticions i respondre les vostres consultes o dubtes.<\/p>\n\n\n\n<p>Legitimaci\u00f3: El consentiment de l&#8217;usuari en sol\u00b7licitar-nos informaci\u00f3 a trav\u00e9s de l&#8217;adre\u00e7a electr\u00f2nica.<\/p>\n\n\n\n<p>Conservaci\u00f3: Un cop resulta contestada la vostra petici\u00f3 per correu electr\u00f2nic, si no heu generat un nou tractament.<\/p>\n\n\n\n<ul class=\"wp-block-list\">\n<li><strong>ENVIAMENT DEL CURR\u00cdCULUM VITAE PER CORREU ELECTR\u00d2NIC<\/strong><\/li>\n<\/ul>\n\n\n\n<p>Finalitat: Disposar del vostre curr\u00edculum per participar en els nostres processos de selecci\u00f3 de personal.<\/p>\n\n\n\n<p>Legitimaci\u00f3: El consentiment de l&#8217;usuari en remetre&#8217;ns la informaci\u00f3 personal i el curr\u00edculum per als nostres processos de selecci\u00f3 de personal.<\/p>\n\n\n\n<p>Conservaci\u00f3: Durant el desenvolupament dels processos de selecci\u00f3 de personal oberts i durant 1 any per a futurs processos.<\/p>\n\n\n\n<p><strong>3. Destinataris de les vostres dades<\/strong><\/p>\n\n\n\n<p>Les vostres dades s\u00f3n confidencials i no se cediran a tercers, llevat que hi hagi obligaci\u00f3 legal.<\/p>\n\n\n\n<p><strong>4. Drets en relaci\u00f3 amb les vostres dades personals<\/strong><\/p>\n\n\n\n<p>Qualsevol persona pot retirar el seu consentiment en qualsevol moment, quan aquest s&#8217;hagi atorgat per al tractament de les dades. En cap cas, la retirada daquest consentiment condiciona lexecuci\u00f3 del contracte de subscripci\u00f3 o les relacions generades amb anterioritat.<\/p>\n\n\n\n<p>Igualment, pot exercir els drets seg\u00fcents:<\/p>\n\n\n\n<ul class=\"wp-block-list\">\n<li>Sol\u00b7licitar l&#8217;acc\u00e9s a les vostres dades personals o la seva rectificaci\u00f3 quan siguin inexactes.<\/li>\n\n\n\n<li>Sol\u00b7licitar-ne la supressi\u00f3 quan, entre altres motius, les dades ja no siguin necess\u00e0ries per als fins per als quals van ser recollides.<\/li>\n\n\n\n<li>Sol\u00b7licitar la limitaci\u00f3 del tractament en determinades circumst\u00e0ncies.<\/li>\n\n\n\n<li>Sol\u00b7licitar l&#8217;oposici\u00f3 al tractament de les vostres dades per motius relacionats amb la vostra situaci\u00f3 particular.<\/li>\n\n\n\n<li>Sol\u00b7licitar la portabilitat de les dades en els casos previstos a la normativa.<\/li>\n\n\n\n<li>Altres drets reconeguts a les normatives aplicables.<\/li>\n<\/ul>\n\n\n\n<p>On i com sol\u00b7licitar els seus Drets: Mitjan\u00e7ant un escrit dirigit al responsable a la seva adre\u00e7a postal o electr\u00f2nica (indicades a l&#8217;apartat A), indicant la refer\u00e8ncia \u201cDades Personals\u201d, especificant el dret que es vol exercir i respecte a quines dades personals.<\/p>\n\n\n\n<p>En cas de diverg\u00e8ncies amb l&#8217;empresa en relaci\u00f3 amb el tractament de les vostres dades, podeu presentar una reclamaci\u00f3 davant l&#8217;Autoritat de Protecci\u00f3 de Dades ( <a href=\"http:\/\/www.agpd.es\/\" target=\"_blank\" rel=\"noopener\">www.agpd.es<\/a> ).<\/p>\n\n\n\n<p><strong>5. Cookies<\/strong><\/p>\n\n\n\n<p>Aquesta p\u00e0gina web \u00fanicament utilitza cookies t\u00e8cniques, de personalitzaci\u00f3 i an\u00e0lisi, pr\u00f2pies i de tercers (Google Analytics), que en cap cas tracten dades de car\u00e0cter personal ni capten h\u00e0bits de navegaci\u00f3 per a fins publicitaris.<\/p>\n\n\n\n<p>Per aix\u00f2, en accedir a la nostra web, en compliment de l&#8217;article 22 de la Llei de Serveis de la Societat de la Informaci\u00f3, en tractar cookies d&#8217;an\u00e0lisi, us hem sol\u00b7licitat el vostre consentiment per al seu \u00fas i facilitat informaci\u00f3 d&#8217;aquestes, que en tot cas sinstal\u00b7laran passat un termini de temps prudencial perqu\u00e8 lusuari tingui temps de decidir prestar el seu consentiment o no.<\/p>\n\n\n\n<p><strong>6. Seguretat de les vostres dades personals<\/strong><\/p>\n\n\n\n<p>Amb l&#8217;objectiu de salvaguardar la seguretat de les vostres dades personals, us informem que hem adoptat totes les mesures d&#8217;\u00edndole t\u00e8cnica i organitzativa necess\u00e0ries per garantir la seguretat de les dades personals subministrades de la vostra alteraci\u00f3, p\u00e8rdua, i tractaments o accessos no autoritzats.<\/p>\n\n\n\n<p><strong>7. Actualitzaci\u00f3 de les vostres dades<\/strong><\/p>\n\n\n\n<p>\u00c9s important que perqu\u00e8 puguem mantenir les seves dades personals actualitzades, ens informi sempre que hi hagi hagut alguna modificaci\u00f3, en cas contrari, no responem de la seva veracitat.<\/p>\n\n\n\n<p>No ens fem responsables de la pol\u00edtica de privadesa respecte a les dades personals que pugui facilitar a tercers per mitj\u00e0 dels enlla\u00e7os disponibles a la nostra p\u00e0gina web.<\/p>\n\n\n\n<p>Aquesta Pol\u00edtica de Privadesa pot ser modificada per adaptar-les als canvis que es produeixi a la nostra web, aix\u00ed com modificacions legislatives o jurisprudencials sobre dades personals que vagin apareixent, per la qual cosa exigeix \u200b\u200bla seva lectura, cada vegada que ens faciliti les seves dades a trav\u00e9s de aquesta Web.<\/p>\n","protected":false},"excerpt":{"rendered":"<p>La confidencialitat i la seguretat s\u00f3n valors primordials de Automoci\u00f3n San Fernando SL i, en conseq\u00fc\u00e8ncia, assumim el comprom\u00eds de garantir la privadesa de l&#8217;Usuari en tot moment i de no demanar informaci\u00f3 innecess\u00e0ria. A continuaci\u00f3, us proporcionem tota la informaci\u00f3 necess\u00e0ria sobre la nostra Pol\u00edtica de Privadesa en relaci\u00f3 amb les dades personals que [&hellip;]<\/p>\n","protected":false},"author":100130,"featured_media":0,"parent":0,"menu_order":0,"comment_status":"closed","ping_status":"closed","template":"","meta":{"_acf_changed":false,"footnotes":""},"class_list":["post-14499","page","type-page","status-publish","hentry"],"acf":[],"_links":{"self":[{"href":"https:\/\/formenterarentamoto.com\/ca\/wp-json\/wp\/v2\/pages\/14499","targetHints":{"allow":["GET"]}}],"collection":[{"href":"https:\/\/formenterarentamoto.com\/ca\/wp-json\/wp\/v2\/pages"}],"about":[{"href":"https:\/\/formenterarentamoto.com\/ca\/wp-json\/wp\/v2\/types\/page"}],"author":[{"embeddable":true,"href":"https:\/\/formenterarentamoto.com\/ca\/wp-json\/wp\/v2\/users\/100130"}],"replies":[{"embeddable":true,"href":"https:\/\/formenterarentamoto.com\/ca\/wp-json\/wp\/v2\/comments?post=14499"}],"version-history":[{"count":3,"href":"https:\/\/formenterarentamoto.com\/ca\/wp-json\/wp\/v2\/pages\/14499\/revisions"}],"predecessor-version":[{"id":21978,"href":"https:\/\/formenterarentamoto.com\/ca\/wp-json\/wp\/v2\/pages\/14499\/revisions\/21978"}],"wp:attachment":[{"href":"https:\/\/formenterarentamoto.com\/ca\/wp-json\/wp\/v2\/media?parent=14499"}],"curies":[{"name":"wp","href":"https:\/\/api.w.org\/{rel}","templated":true}]}}