{"id":14459,"date":"2026-02-03T17:55:52","date_gmt":"2026-02-03T16:55:52","guid":{"rendered":"https:\/\/www.rentacarsanfernando.com\/rechtlicher-hinweis\/"},"modified":"2026-02-04T11:44:32","modified_gmt":"2026-02-04T10:44:32","slug":"rechtlicher-hinweis","status":"publish","type":"page","link":"https:\/\/formenterarentamoto.com\/de\/rechtlicher-hinweis\/","title":{"rendered":"Rechtlicher Hinweis"},"content":{"rendered":"\n<p><strong>Steuerliche Daten<\/strong><\/p>\n\n<ul class=\"wp-block-list\">\n<li>Eigent\u00fcmer: Formentera Rent a Moto SL<\/li>\n\n\n\n<li>NIF:  B07546336<\/li>\n\n\n\n<li>Adresse: Pol\u00edgono de la Marina, 4, 07870 La Savina, Illes Balears<\/li>\n\n\n\n<li>Telefon: 971322695<\/li>\n<\/ul>\n\n<p><strong>Schutz von personenbezogenen Daten<\/strong><\/p>\n\n<p>Die \u00fcber die Website gesammelten pers\u00f6nlichen Daten werden nur zur Erbringung der angeforderten Dienstleistungen und zu Abrechnungszwecken verwendet. Ihre Daten werden zu Abrechnungszwecken in Dateien der Formentera Rent a Moto SL gespeichert und f\u00fcr den gesetzlich vorgeschriebenen Zeitraum archiviert. Sie k\u00f6nnen Ihre Rechte auf Auskunft, Berichtigung, L\u00f6schung und Widerspruch schriftlich an Formentera Rent a Moto SL, Pol\u00edgono de la Marina, 4, 07870 La Savina, Illes Balears, Spanien, aus\u00fcben. <\/p>\n\n<p><strong>Geistiges Eigentum und Verantwortung f\u00fcr den Inhalt<\/strong><\/p>\n\n<p>Jede Verwendung des gesamten Inhalts der Website, insbesondere der Texte, des Designs und des Quellcodes, ist ohne ausdr\u00fcckliche Genehmigung der Eigent\u00fcmer untersagt. Jede unbefugte Nutzung wird von den rechtm\u00e4\u00dfigen Eigent\u00fcmern ordnungsgem\u00e4\u00df verfolgt.<\/p>\n\n<p>Der Inhaber der Website ist gem\u00e4\u00df Artikel 17 des LSSICE nicht verantwortlich f\u00fcr den Inhalt der Links auf der Website.<\/p>\n","protected":false},"excerpt":{"rendered":"<p>Steuerliche Daten Schutz von personenbezogenen Daten Die \u00fcber die Website gesammelten pers\u00f6nlichen Daten werden nur zur Erbringung der angeforderten Dienstleistungen und zu Abrechnungszwecken verwendet. Ihre Daten werden zu Abrechnungszwecken in Dateien der Formentera Rent a Moto SL gespeichert und f\u00fcr den gesetzlich vorgeschriebenen Zeitraum archiviert. Sie k\u00f6nnen Ihre Rechte auf Auskunft, Berichtigung, L\u00f6schung und Widerspruch [&hellip;]<\/p>\n","protected":false},"author":100130,"featured_media":0,"parent":0,"menu_order":0,"comment_status":"closed","ping_status":"closed","template":"","meta":{"_acf_changed":false,"footnotes":""},"class_list":["post-14459","page","type-page","status-publish","hentry"],"acf":[],"_links":{"self":[{"href":"https:\/\/formenterarentamoto.com\/de\/wp-json\/wp\/v2\/pages\/14459","targetHints":{"allow":["GET"]}}],"collection":[{"href":"https:\/\/formenterarentamoto.com\/de\/wp-json\/wp\/v2\/pages"}],"about":[{"href":"https:\/\/formenterarentamoto.com\/de\/wp-json\/wp\/v2\/types\/page"}],"author":[{"embeddable":true,"href":"https:\/\/formenterarentamoto.com\/de\/wp-json\/wp\/v2\/users\/100130"}],"replies":[{"embeddable":true,"href":"https:\/\/formenterarentamoto.com\/de\/wp-json\/wp\/v2\/comments?post=14459"}],"version-history":[{"count":2,"href":"https:\/\/formenterarentamoto.com\/de\/wp-json\/wp\/v2\/pages\/14459\/revisions"}],"predecessor-version":[{"id":21477,"href":"https:\/\/formenterarentamoto.com\/de\/wp-json\/wp\/v2\/pages\/14459\/revisions\/21477"}],"wp:attachment":[{"href":"https:\/\/formenterarentamoto.com\/de\/wp-json\/wp\/v2\/media?parent=14459"}],"curies":[{"name":"wp","href":"https:\/\/api.w.org\/{rel}","templated":true}]}}