{"id":14462,"date":"2026-02-03T17:56:04","date_gmt":"2026-02-03T16:56:04","guid":{"rendered":"https:\/\/www.rentacarsanfernando.com\/buchungs-und-stornierungsbedingungen\/"},"modified":"2026-02-04T11:44:27","modified_gmt":"2026-02-04T10:44:27","slug":"buchungs-und-stornierungsbedingungen","status":"publish","type":"page","link":"https:\/\/formenterarentamoto.com\/de\/buchungs-und-stornierungsbedingungen\/","title":{"rendered":"Buchungs- und Stornierungsbedingungen"},"content":{"rendered":"\n<ul class=\"wp-block-list\">\n<li>Lieferung und R\u00fcckgabe von Voll-\/Volltanken (ansonsten zu zahlen wie im B\u00fcro vereinbart).<\/li>\n\n\n\n<li>Lieferung und R\u00fcckgabe an dem im Vertrag festgelegten Ort, Datum und Uhrzeit (andernfalls muss der Mieter benachrichtigt werden und damit einverstanden sein).<\/li>\n\n\n\n<li>R\u00fcckgabe des Fahrzeugs und anderer Extras (wie Schl\u00fcssel, Helme, Vorh\u00e4ngeschl\u00f6sser, &#8230;) in einwandfreiem Zustand (andernfalls zahlen Sie, was vereinbart ist, sei es die Selbstbeteiligung, die das Maximum w\u00e4re, oder was dem Schaden, der Verschlechterung oder dem Verlust entspricht).<\/li>\n\n\n\n<li>Melden Sie alle Probleme oder Pannen mit dem Fahrzeug, damit der Vermieter sie beheben kann.<\/li>\n\n\n\n<li>Es ist strengstens untersagt, das Fahrzeug von der Insel zu bringen, es weiterzuvermieten oder zu missbrauchen.<\/li>\n\n\n\n<li>F\u00fcr die Anmietung eines 125ccm-Autos oder eines Rollers ist ein Mindestalter von 23 Jahren und ein 3-j\u00e4hriger F\u00fchrerschein erforderlich, f\u00fcr 50ccm-Roller 18 Jahre.<\/li>\n\n\n\n<li>F\u00fcr Kraftfahrzeuge ist die Kopie einer Kreditkarte als Garantie erforderlich (falls nicht vorhanden, wenden Sie sich bitte an das Unternehmen).<\/li>\n\n\n\n<li>Etwaige Bu\u00dfgelder f\u00fcr Verkehrs- oder Parkverst\u00f6\u00dfe w\u00e4hrend der Vertragslaufzeit werden dem Kunden in Rechnung gestellt.<\/li>\n\n\n\n<li>Stornierungen sind bis zu 48 Stunden vor der Buchung bei voller R\u00fcckerstattung m\u00f6glich, wenn sie per E-Mail erfolgen.<\/li>\n<\/ul>\n","protected":false},"excerpt":{"rendered":"","protected":false},"author":100130,"featured_media":0,"parent":0,"menu_order":0,"comment_status":"closed","ping_status":"closed","template":"","meta":{"_acf_changed":false,"footnotes":""},"class_list":["post-14462","page","type-page","status-publish","hentry"],"acf":[],"_links":{"self":[{"href":"https:\/\/formenterarentamoto.com\/de\/wp-json\/wp\/v2\/pages\/14462","targetHints":{"allow":["GET"]}}],"collection":[{"href":"https:\/\/formenterarentamoto.com\/de\/wp-json\/wp\/v2\/pages"}],"about":[{"href":"https:\/\/formenterarentamoto.com\/de\/wp-json\/wp\/v2\/types\/page"}],"author":[{"embeddable":true,"href":"https:\/\/formenterarentamoto.com\/de\/wp-json\/wp\/v2\/users\/100130"}],"replies":[{"embeddable":true,"href":"https:\/\/formenterarentamoto.com\/de\/wp-json\/wp\/v2\/comments?post=14462"}],"version-history":[{"count":3,"href":"https:\/\/formenterarentamoto.com\/de\/wp-json\/wp\/v2\/pages\/14462\/revisions"}],"predecessor-version":[{"id":14472,"href":"https:\/\/formenterarentamoto.com\/de\/wp-json\/wp\/v2\/pages\/14462\/revisions\/14472"}],"wp:attachment":[{"href":"https:\/\/formenterarentamoto.com\/de\/wp-json\/wp\/v2\/media?parent=14462"}],"curies":[{"name":"wp","href":"https:\/\/api.w.org\/{rel}","templated":true}]}}