{"id":14467,"date":"2026-02-03T17:56:34","date_gmt":"2026-02-03T16:56:34","guid":{"rendered":"https:\/\/www.rentacarsanfernando.com\/cookies-politik\/"},"modified":"2026-02-04T11:44:29","modified_gmt":"2026-02-04T10:44:29","slug":"cookies-politik","status":"publish","type":"page","link":"https:\/\/formenterarentamoto.com\/de\/cookies-politik\/","title":{"rendered":"Cookies-Politik"},"content":{"rendered":"\n<p><strong>Was sind Cookies?<\/strong><\/p>\n\n<p>Ein Cookie ist eine Datei, die auf Ihren Computer heruntergeladen wird, wenn Sie bestimmte Webseiten aufrufen. Cookies erm\u00f6glichen es einer Website unter anderem, Informationen \u00fcber die Surfgewohnheiten eines Nutzers oder seines Ger\u00e4ts zu speichern und abzurufen, und je nach den enthaltenen Informationen und der Art und Weise, wie er sein Ger\u00e4t benutzt, k\u00f6nnen sie zur Wiedererkennung des Nutzers verwendet werden. Der Browser des Nutzers speichert Cookies nur w\u00e4hrend der aktuellen Sitzung auf der Festplatte, so dass sie nur minimalen Speicherplatz beanspruchen und den Computer nicht sch\u00e4digen. Cookies enthalten keine spezifischen pers\u00f6nlichen Informationen, und die meisten Cookies werden am Ende der Browser-Sitzung von der Festplatte gel\u00f6scht (so genannte Session-Cookies).<\/p>\n\n<p>Die meisten Browser akzeptieren Cookies standardm\u00e4\u00dfig und erlauben oder verhindern unabh\u00e4ngig davon in den Sicherheitseinstellungen tempor\u00e4re oder gespeicherte Cookies.<\/p>\n\n<p>Ohne Ihre ausdr\u00fcckliche Zustimmung &#8211; durch die Aktivierung von Cookies in Ihrem Browser &#8211; wird diese Seite die in den Cookies gespeicherten Daten nicht mit Ihren pers\u00f6nlichen Daten verkn\u00fcpfen, die Sie bei der Registrierung oder beim Kauf angegeben haben.<\/p>\n\n<p><strong>Welche Arten von Cookies werden auf dieser Website verwendet?<\/strong><\/p>\n\n<ul class=\"wp-block-list\">\n<li><strong>Technische Cookies:<\/strong> Hierbei handelt es sich um Cookies, die es dem Benutzer erm\u00f6glichen, auf einer Website, Plattform oder Anwendung zu navigieren und die verschiedenen Optionen oder Dienste zu nutzen, die darauf vorhanden sind, wie z. B. die Steuerung des Datenverkehrs und der Datenkommunikation, die Identifizierung der Sitzung, der Zugriff auf gesch\u00fctzte Bereiche, das Speichern der Artikel in einer Bestellung, das Abschlie\u00dfen des Kaufvorgangs, die Registrierung f\u00fcr oder die Teilnahme an einer Veranstaltung, die Nutzung von Sicherheitsfunktionen beim Surfen, das Speichern von Inhalten zur Video- oder Audiowiedergabe oder das Teilen von Inhalten \u00fcber soziale Netzwerke.<\/li>\n\n\n\n<li><strong>Personalisierungs-Cookies:<\/strong> Hierbei handelt es sich um Cookies, die es dem Benutzer erm\u00f6glichen, auf den Dienst mit einigen vordefinierten allgemeinen Merkmalen zuzugreifen, die auf einer Reihe von Kriterien im Endger\u00e4t des Benutzers basieren, wie z. B. Sprache, Browsertyp, \u00fcber den auf den Dienst zugegriffen wird, regionale Konfiguration, von der aus auf den Dienst zugegriffen wird usw.<\/li>\n\n\n\n<li><strong>Analyse-Cookies:<\/strong> Es handelt sich um Cookies, die entweder von uns oder von Dritten verarbeitet werden und die es uns erm\u00f6glichen, die Anzahl der Nutzer zu quantifizieren und somit eine Messung und statistische Analyse der Nutzung des angebotenen Dienstes durch die Nutzer durchzuf\u00fchren. Zu diesem Zweck wird Ihr Surfverhalten auf unserer Website analysiert, um das Angebot an Produkten und Dienstleistungen f\u00fcr Sie zu verbessern.<\/li>\n\n\n\n<li><strong>Werbe-Cookies:<\/strong> Hierbei handelt es sich um Cookies, die, unabh\u00e4ngig davon, ob sie von uns oder von Dritten verarbeitet werden, es uns erm\u00f6glichen, den Werberaum auf der Website so effektiv wie m\u00f6glich zu verwalten und den Inhalt der Anzeige an den Inhalt des angeforderten Dienstes oder an Ihre Nutzung unserer Website anzupassen. Zu diesem Zweck k\u00f6nnen wir Ihre Internet-Browsing-Gewohnheiten analysieren und Ihnen Werbung zeigen, die sich auf Ihr Browsing-Profil bezieht.<\/li>\n\n\n\n<li><strong>Cookies f\u00fcr verhaltensbasierte Werbung:<\/strong> Diese Cookies erm\u00f6glichen eine m\u00f6glichst effiziente Verwaltung der Werbefl\u00e4chen, die der Herausgeber gegebenenfalls auf einer Website, Anwendung oder Plattform, von der aus der angeforderte Dienst erbracht wird, eingef\u00fcgt hat. In diesen Cookies werden Informationen \u00fcber das Verhalten der Nutzer gespeichert, die durch die kontinuierliche Beobachtung ihrer Surfgewohnheiten gewonnen werden und die es erm\u00f6glichen, ein spezifisches Profil zu erstellen, um darauf basierende Werbung anzuzeigen.<\/li>\n<\/ul>\n\n<p><strong>Cookies von Dritten<\/strong><\/p>\n\n<p>Diese Website kann Dienste Dritter in Anspruch nehmen, die Informationen zu statistischen Zwecken, zur Nutzung der Website durch den Nutzer und zur Erbringung anderer Dienstleistungen im Zusammenhang mit der Aktivit\u00e4t der Website und anderer Internetdienste sammeln.<\/p>\n\n<p>Diese Website verwendet insbesondere:<\/p>\n\n<ul class=\"wp-block-list\">\n<li><a href=\"http:\/\/www.google.com\/intl\/es\/analytics\/privacyoverview.html\" target=\"_blank\" rel=\"noreferrer noopener\">Google Analytics-Cookies<\/a>: Diese werden verwendet, um zu analysieren und zu messen, wie Besucher diese Website nutzen. Die Informationen werden zur Erstellung von Berichten zur Verbesserung dieser Website verwendet. Diese <em>Cookies <\/em>sammeln Informationen in anonymer Form, einschlie\u00dflich der Anzahl der Besucher der Website, der Art und Weise, wie sie auf die Website gelangt sind, und der Seiten, die sie w\u00e4hrend ihres Besuchs auf unserer Website besucht haben.<\/li>\n\n\n\n<li><a href=\"https:\/\/support.google.com\/youtube\/answer\/2407785?hl=es-419\" target=\"_blank\" rel=\"noreferrer noopener\">YouTube-Cookies<\/a>: Diese werden verwendet, um die Anzahl der Aufrufe von Videos zu z\u00e4hlen, die auf anderen Websites eingebettet sind.<\/li>\n\n\n\n<li><a href=\"http:\/\/www.addthis.com\/privacy\" target=\"_blank\" rel=\"noreferrer noopener\">AddThis-Cookies: AddThis<\/a> ist ein Technologieunternehmen, das es Websites und ihren Nutzern erm\u00f6glicht, Inhalte \u00fcber Freigabesymbole und Social-Bookmarking-Ziele auf einfache Weise mit anderen zu teilen. AddThis-Cookies werden verwendet, um das Teilen von Inhalten zu erm\u00f6glichen. AddThis wird auch verwendet, um Informationen dar\u00fcber zu sammeln, wie Inhalte auf der Website geteilt werden. Cookies dienen der eindeutigen Identifizierung eines Nutzers (zwar nicht pers\u00f6nlich, aber in Bezug auf die Adresse), damit sich Aufgaben innerhalb eines bestimmten Zeitraums nicht wiederholen.<\/li>\n\n\n\n<li>Andere Cookies zur Anpassung: Diese Cookies erm\u00f6glichen es dem Nutzer, einige Funktionen der allgemeinen Optionen der Website zu spezifizieren oder anzupassen. Stellen Sie zum Beispiel die Sprache, die regionalen Einstellungen oder den Browsertyp ein. <a href=\"http:\/\/www.addthis.com\/privacy\" target=\"_blank\" rel=\"noreferrer noopener\">Addthis<\/a> <a href=\"https:\/\/es-es.facebook.com\/help\/cookies\" target=\"_blank\" rel=\"noreferrer noopener\">Facebook<\/a> <a href=\"https:\/\/twitter.com\/privacy\" target=\"_blank\" rel=\"noreferrer noopener\">Twitter<\/a> <a href=\"http:\/\/www.google.es\/intl\/es\/policies\/technologies\/types\/\" target=\"_blank\" rel=\"noreferrer noopener\">Google Google<\/a> <a href=\"https:\/\/support.google.com\/youtube\/answer\/2407785?hl=es-419\" target=\"_blank\" rel=\"noreferrer noopener\">YouTube<\/a><\/li>\n<\/ul>\n\n<p><strong>Durch die Nutzung dieser Website erkl\u00e4rt sich der Nutzer ausdr\u00fccklich mit der Verarbeitung der gesammelten Informationen in der oben genannten Weise und zu den oben genannten Zwecken einverstanden.<\/strong>  Sie best\u00e4tigen auch, dass Sie sich der M\u00f6glichkeit bewusst sind, die Verarbeitung solcher Daten oder Informationen zu verweigern, indem Sie die Verwendung von Cookies ablehnen, indem Sie die entsprechenden Einstellungen in Ihrem Browser zu diesem Zweck w\u00e4hlen. Diese Option der Blockierung von Cookies in Ihrem Browser erm\u00f6glicht es Ihnen jedoch m\u00f6glicherweise nicht, alle Funktionen der Website in vollem Umfang zu nutzen.<\/p>\n\n<p>Sie k\u00f6nnen die auf Ihrem Computer installierten Cookies zulassen, blockieren oder l\u00f6schen, indem Sie die auf Ihrem Computer installierten Browseroptionen konfigurieren:<\/p>\n\n<ul class=\"wp-block-list\">\n<li><a href=\"http:\/\/support.google.com\/chrome\/bin\/answer.py?hl=es&amp;answer=95647\" target=\"_blank\" rel=\"noreferrer noopener\">Chrom<\/a><\/li>\n\n\n\n<li><a href=\"https:\/\/support.microsoft.com\/es-es\/windows\/eliminar-y-administrar-cookies-168dab11-0753-043d-7c16-ede5947fc64d\" target=\"_blank\" rel=\"noreferrer noopener\">Kante<\/a><\/li>\n\n\n\n<li><a href=\"http:\/\/support.mozilla.org\/es\/kb\/habilitar-y-deshabilitar-cookies-que-los-sitios-we\" target=\"_blank\" rel=\"noreferrer noopener\">Firefox<\/a><\/li>\n\n\n\n<li><a href=\"http:\/\/support.apple.com\/kb\/ph5042\" target=\"_blank\" rel=\"noreferrer noopener\">Safari<\/a><\/li>\n<\/ul>\n\n<p>Wenn Sie Fragen zu dieser Cookie-Politik haben, k\u00f6nnen Sie uns unter folgender Adresse kontaktieren <a href=\"mailto:info@formenterarentamoto.com\">\n  info@formenterarentamoto.com\n<\/a>.<\/p>\n","protected":false},"excerpt":{"rendered":"<p>Was sind Cookies? Ein Cookie ist eine Datei, die auf Ihren Computer heruntergeladen wird, wenn Sie bestimmte Webseiten aufrufen. Cookies erm\u00f6glichen es einer Website unter anderem, Informationen \u00fcber die Surfgewohnheiten eines Nutzers oder seines Ger\u00e4ts zu speichern und abzurufen, und je nach den enthaltenen Informationen und der Art und Weise, wie er sein Ger\u00e4t benutzt, [&hellip;]<\/p>\n","protected":false},"author":100130,"featured_media":0,"parent":0,"menu_order":0,"comment_status":"closed","ping_status":"closed","template":"","meta":{"_acf_changed":false,"footnotes":""},"class_list":["post-14467","page","type-page","status-publish","hentry"],"acf":[],"_links":{"self":[{"href":"https:\/\/formenterarentamoto.com\/de\/wp-json\/wp\/v2\/pages\/14467","targetHints":{"allow":["GET"]}}],"collection":[{"href":"https:\/\/formenterarentamoto.com\/de\/wp-json\/wp\/v2\/pages"}],"about":[{"href":"https:\/\/formenterarentamoto.com\/de\/wp-json\/wp\/v2\/types\/page"}],"author":[{"embeddable":true,"href":"https:\/\/formenterarentamoto.com\/de\/wp-json\/wp\/v2\/users\/100130"}],"replies":[{"embeddable":true,"href":"https:\/\/formenterarentamoto.com\/de\/wp-json\/wp\/v2\/comments?post=14467"}],"version-history":[{"count":2,"href":"https:\/\/formenterarentamoto.com\/de\/wp-json\/wp\/v2\/pages\/14467\/revisions"}],"predecessor-version":[{"id":21472,"href":"https:\/\/formenterarentamoto.com\/de\/wp-json\/wp\/v2\/pages\/14467\/revisions\/21472"}],"wp:attachment":[{"href":"https:\/\/formenterarentamoto.com\/de\/wp-json\/wp\/v2\/media?parent=14467"}],"curies":[{"name":"wp","href":"https:\/\/api.w.org\/{rel}","templated":true}]}}