{"id":14476,"date":"2026-02-03T17:56:35","date_gmt":"2026-02-03T16:56:35","guid":{"rendered":"https:\/\/www.rentacarsanfernando.com\/datenschutzbestimmungen\/"},"modified":"2026-03-26T09:36:01","modified_gmt":"2026-03-26T08:36:01","slug":"datenschutzbestimmungen","status":"publish","type":"page","link":"https:\/\/formenterarentamoto.com\/de\/datenschutzbestimmungen\/","title":{"rendered":"Datenschutzbestimmungen"},"content":{"rendered":"\n<p>Vertraulichkeit und Sicherheit sind f\u00fcr Automoci\u00f3n San Fernando SL von h\u00f6chster Bedeutung. Daher verpflichten wir uns, die Privatsph\u00e4re des Nutzers jederzeit zu gew\u00e4hrleisten und keine unn\u00f6tigen Informationen zu sammeln. Nachfolgend finden Sie alle notwendigen Informationen \u00fcber unsere Datenschutzpolitik in Bezug auf die von uns erfassten personenbezogenen Daten und Erl\u00e4uterungen dazu:<\/p>\n\n\n\n<ul class=\"wp-block-list\">\n<li>Wer ist f\u00fcr die Verarbeitung Ihrer Daten verantwortlich?<\/li>\n\n\n\n<li>Zu welchen Zwecken wir die von Ihnen angeforderten Daten sammeln.<\/li>\n\n\n\n<li>Was ist die Legitimation f\u00fcr ihre Verarbeitung?<\/li>\n\n\n\n<li>Wie lange wir sie aufbewahren.<\/li>\n\n\n\n<li>An welche Empf\u00e4nger Ihre Daten weitergegeben werden.<\/li>\n\n\n\n<li>Was Ihre Rechte sind.<\/li>\n<\/ul>\n\n\n\n<p><strong>1. verantwortlich:<\/strong><\/p>\n\n\n\n<ul class=\"wp-block-list\">\n<li>Firmenname: Automoci\u00f3n San Fernando SL<\/li>\n\n\n\n<li>Adresse: Pol\u00edgono de la Marina, 4, 07870 La Savina, Illes Balears<\/li>\n\n\n\n<li>E-Mail: info@formenterarentamoto.com<\/li>\n<\/ul>\n\n\n\n<p><strong>2. die Zwecke, die Legitimation und die Aufbewahrung der \u00fcbermittelten Daten:<\/strong><\/p>\n\n\n\n<ul class=\"wp-block-list\">\n<li><strong>KONTAKTFORMULAR.<\/strong><\/li>\n<\/ul>\n\n\n\n<p>Zweck: Um Ihnen die M\u00f6glichkeit zu geben, mit uns in Kontakt zu treten und Ihre Informationsanfragen zu beantworten, sowie um Ihnen Mitteilungen \u00fcber unsere Produkte, Dienstleistungen und Aktivit\u00e4ten zukommen zu lassen, auch auf elektronischem Wege (E-Mail, SMS, WhatsApp), wenn Sie das Zustimmungsfeld ankreuzen.<\/p>\n\n\n\n<p>Legitimation: Die Zustimmung des Nutzers, wenn er \u00fcber unser Kontaktformular Informationen von uns anfordert und das K\u00e4stchen ankreuzt, um die Zusendung von Informationen zu akzeptieren.<\/p>\n\n\n\n<p>Aufbewahrung: Sobald Ihre Anfrage \u00fcber unser Formular eingegangen ist oder per E-Mail beantwortet wurde, sofern sie nicht zu einer neuen Behandlung gef\u00fchrt hat, und falls Sie dem Erhalt von Werbesendungen zugestimmt haben, bis Sie diese abbestellen.<\/p>\n\n\n\n<ul class=\"wp-block-list\">\n<li><strong>DAS VERSENDEN VON E-MAILS.<\/strong><\/li>\n<\/ul>\n\n\n\n<p>Zweck: Beantwortung Ihrer Informationsanfragen, Bearbeitung Ihrer Anfragen und Beantwortung Ihrer Fragen oder Zweifel.<\/p>\n\n\n\n<p>Legitimation: Die Zustimmung des Nutzers, wenn er Informationen von uns per E-Mail anfordert.<\/p>\n\n\n\n<p>Aufbewahrung: Nach Beantwortung Ihrer E-Mail-Anfrage, wenn diese nicht zu einer weiteren Bearbeitung gef\u00fchrt hat.<\/p>\n\n\n\n<ul class=\"wp-block-list\">\n<li><strong>\u00dcBERMITTLUNG DES LEBENSLAUFS PER E-MAIL<\/strong><\/li>\n<\/ul>\n\n\n\n<p>Zweck: Ihr Lebenslauf soll f\u00fcr die Teilnahme an unseren Personalauswahlverfahren verwendet werden.<\/p>\n\n\n\n<p>Legitimation: Die Zustimmung des Nutzers, wenn er uns seine pers\u00f6nlichen Daten und seinen Lebenslauf f\u00fcr unsere Personalauswahlverfahren \u00fcbermittelt.<\/p>\n\n\n\n<p>Aufbewahrung: W\u00e4hrend der Entwicklung offener Rekrutierungsprozesse und 1 Jahr lang f\u00fcr zuk\u00fcnftige Prozesse.<\/p>\n\n\n\n<p><strong>3. Empf\u00e4nger Ihrer Daten<\/strong><\/p>\n\n\n\n<p>Ihre Daten sind vertraulich und werden nicht an Dritte weitergegeben, es sei denn, es besteht eine gesetzliche Verpflichtung dazu.<\/p>\n\n\n\n<p><strong>4. Rechte in Bezug auf Ihre personenbezogenen Daten<\/strong><\/p>\n\n\n\n<p>Jede Person kann ihre Einwilligung jederzeit widerrufen, wenn diese Einwilligung f\u00fcr die Verarbeitung ihrer Daten erteilt wurde. Der Widerruf dieser Zustimmung ist in keinem Fall eine Bedingung f\u00fcr die Erf\u00fcllung des Abonnementvertrags oder der zuvor geschaffenen Beziehungen.<\/p>\n\n\n\n<p>Sie k\u00f6nnen auch die folgenden Rechte aus\u00fcben:<\/p>\n\n\n\n<ul class=\"wp-block-list\">\n<li>Zugang zu Ihren personenbezogenen Daten oder deren Berichtigung zu verlangen, wenn diese unrichtig sind.<\/li>\n\n\n\n<li>ihre L\u00f6schung zu beantragen, wenn die Daten unter anderem f\u00fcr die Zwecke, f\u00fcr die sie erhoben wurden, nicht mehr erforderlich sind.<\/li>\n\n\n\n<li>die Einschr\u00e4nkung der Verarbeitung unter bestimmten Umst\u00e4nden zu verlangen.<\/li>\n\n\n\n<li>Widerspruch gegen die Verarbeitung Ihrer Daten aus Gr\u00fcnden, die sich auf Ihre besondere Situation beziehen, einlegen.<\/li>\n\n\n\n<li>Beantragung der Daten\u00fcbertragbarkeit in den in der Verordnung vorgesehenen F\u00e4llen.<\/li>\n\n\n\n<li>Andere in den geltenden Vorschriften anerkannte Rechte.<\/li>\n<\/ul>\n\n\n\n<p>Wo und wie Sie Ihre Rechte geltend machen k\u00f6nnen: Durch ein Schreiben an den f\u00fcr die Verarbeitung Verantwortlichen an die (in Abschnitt A angegebene) Post- oder E-Mail-Adresse unter Angabe des Betreffs &#8222;Pers\u00f6nliche Daten&#8220; und unter Angabe des Rechts, das Sie aus\u00fcben m\u00f6chten, und in Bezug auf welche pers\u00f6nlichen Daten.<\/p>\n\n\n\n<p>Bei Unstimmigkeiten mit dem Unternehmen bez\u00fcglich der Verarbeitung Ihrer Daten k\u00f6nnen Sie eine Beschwerde bei der Datenschutzbeh\u00f6rde<a href=\"http:\/\/www.agpd.es\/\" target=\"_blank\" rel=\"noopener\">(www.agpd.es)<\/a> einreichen.<\/p>\n\n\n\n<p><strong>5. Cookies<\/strong><\/p>\n\n\n\n<p>Diese Website verwendet nur technische, Personalisierungs- und Analyse-Cookies, sowohl unsere eigenen als auch die von Dritten (Google Analytics), die in keinem Fall personenbezogene Daten verarbeiten oder Surfgewohnheiten zu Werbezwecken erfassen.<\/p>\n\n\n\n<p>Daher haben wir beim Zugriff auf unsere Website in \u00dcbereinstimmung mit Artikel 22 des Gesetzes \u00fcber die Dienste der Informationsgesellschaft bei der Verarbeitung von Analyse-Cookies Ihre Zustimmung zu deren Verwendung eingeholt und Informationen dar\u00fcber bereitgestellt, die in jedem Fall nach einer angemessenen Zeitspanne installiert werden, so dass der Benutzer Zeit hat zu entscheiden, ob er seine Zustimmung geben m\u00f6chte oder nicht.<\/p>\n\n\n\n<p><strong>6. Sicherheit Ihrer pers\u00f6nlichen Daten<\/strong><\/p>\n\n\n\n<p>Um die Sicherheit Ihrer personenbezogenen Daten zu gew\u00e4hrleisten, teilen wir Ihnen mit, dass wir alle erforderlichen technischen und organisatorischen Ma\u00dfnahmen ergriffen haben, um die Sicherheit der \u00fcbermittelten personenbezogenen Daten vor Ver\u00e4nderung, Verlust, unbefugter Verarbeitung oder unbefugtem Zugriff zu garantieren.<\/p>\n\n\n\n<p><strong>7. Aktualisieren Ihrer Daten<\/strong><\/p>\n\n\n\n<p>Damit wir Ihre pers\u00f6nlichen Daten auf dem neuesten Stand halten k\u00f6nnen, ist es wichtig, dass Sie uns informieren, wenn sich Ihre pers\u00f6nlichen Daten ge\u00e4ndert haben, da wir sonst nicht f\u00fcr die Richtigkeit der Daten verantwortlich gemacht werden k\u00f6nnen.<\/p>\n\n\n\n<p>Wir sind nicht verantwortlich f\u00fcr die Datenschutzpolitik in Bezug auf personenbezogene Daten, die Sie \u00fcber Links auf unserer Website an Dritte weitergeben.<\/p>\n\n\n\n<p>Die vorliegende Datenschutzerkl\u00e4rung kann ge\u00e4ndert werden, um sie an etwaige \u00c4nderungen auf unserer Website sowie an gesetzliche oder rechtliche \u00c4nderungen in Bezug auf personenbezogene Daten anzupassen, weshalb sie jedes Mal gelesen werden muss, wenn Sie uns Ihre Daten \u00fcber diese Website zur Verf\u00fcgung stellen.<\/p>\n","protected":false},"excerpt":{"rendered":"<p>Vertraulichkeit und Sicherheit sind f\u00fcr Automoci\u00f3n San Fernando SL von h\u00f6chster Bedeutung. Daher verpflichten wir uns, die Privatsph\u00e4re des Nutzers jederzeit zu gew\u00e4hrleisten und keine unn\u00f6tigen Informationen zu sammeln. Nachfolgend finden Sie alle notwendigen Informationen \u00fcber unsere Datenschutzpolitik in Bezug auf die von uns erfassten personenbezogenen Daten und Erl\u00e4uterungen dazu: 1. verantwortlich: 2. die Zwecke, [&hellip;]<\/p>\n","protected":false},"author":100130,"featured_media":0,"parent":0,"menu_order":0,"comment_status":"closed","ping_status":"closed","template":"","meta":{"_acf_changed":false,"footnotes":""},"class_list":["post-14476","page","type-page","status-publish","hentry"],"acf":[],"_links":{"self":[{"href":"https:\/\/formenterarentamoto.com\/de\/wp-json\/wp\/v2\/pages\/14476","targetHints":{"allow":["GET"]}}],"collection":[{"href":"https:\/\/formenterarentamoto.com\/de\/wp-json\/wp\/v2\/pages"}],"about":[{"href":"https:\/\/formenterarentamoto.com\/de\/wp-json\/wp\/v2\/types\/page"}],"author":[{"embeddable":true,"href":"https:\/\/formenterarentamoto.com\/de\/wp-json\/wp\/v2\/users\/100130"}],"replies":[{"embeddable":true,"href":"https:\/\/formenterarentamoto.com\/de\/wp-json\/wp\/v2\/comments?post=14476"}],"version-history":[{"count":3,"href":"https:\/\/formenterarentamoto.com\/de\/wp-json\/wp\/v2\/pages\/14476\/revisions"}],"predecessor-version":[{"id":21979,"href":"https:\/\/formenterarentamoto.com\/de\/wp-json\/wp\/v2\/pages\/14476\/revisions\/21979"}],"wp:attachment":[{"href":"https:\/\/formenterarentamoto.com\/de\/wp-json\/wp\/v2\/media?parent=14476"}],"curies":[{"name":"wp","href":"https:\/\/api.w.org\/{rel}","templated":true}]}}