{"id":1109,"date":"2026-02-03T17:56:04","date_gmt":"2026-02-03T16:56:04","guid":{"rendered":"http:\/\/rentacarsanfernando.vl25185.dinaserver.com\/condiciones-de-reserva-y-cancelacion\/"},"modified":"2026-02-04T11:24:41","modified_gmt":"2026-02-04T10:24:41","slug":"conditions-de-reservation-et-dannulation","status":"publish","type":"page","link":"https:\/\/formenterarentamoto.com\/fr\/conditions-de-reservation-et-dannulation\/","title":{"rendered":"Conditions de r\u00e9servation et d&rsquo;annulation"},"content":{"rendered":"\n<ul class=\"wp-block-list\">\n<li>Livraison et retour du plein d&rsquo;essence (sinon, le paiement sera effectu\u00e9 selon les modalit\u00e9s stipul\u00e9es au bureau).<\/li>\n\n\n\n<li>Livraison et retour au lieu, \u00e0 la date et \u00e0 l&rsquo;heure stipul\u00e9s dans le contrat (sinon, vous devez en informer le propri\u00e9taire et obtenir sa confirmation).<\/li>\n\n\n\n<li>Restitution du v\u00e9hicule et des accessoires (cl\u00e9s, casques, antivols, etc.) en parfait \u00e9tat (sinon, paiement de la somme stipul\u00e9e, qu&rsquo;il s&rsquo;agisse de la franchise maximale ou de la somme correspondant aux dommages, \u00e0 la d\u00e9t\u00e9rioration ou \u00e0 la perte).<\/li>\n\n\n\n<li>Signalez tout probl\u00e8me ou panne que vous pourriez rencontrer avec le v\u00e9hicule afin que le loueur puisse les r\u00e9parer.<\/li>\n\n\n\n<li>Il est strictement interdit de sortir le v\u00e9hicule de l&rsquo;\u00eele, de le sous-louer ou d&rsquo;en faire un usage abusif.<\/li>\n\n\n\n<li>Pour louer une voiture ou un scooter 125cc, il faut avoir au minimum 23 ans et 3 ans d&rsquo;exp\u00e9rience de conduite, et 18 ans pour un scooter 50cc.<\/li>\n\n\n\n<li>Une copie de votre carte de cr\u00e9dit est requise comme garantie pour les v\u00e9hicules \u00e0 moteur (si vous n&rsquo;en poss\u00e9dez pas, vous devez consulter l&rsquo;entreprise).<\/li>\n\n\n\n<li>Toute amende pour infraction au code de la route ou au stationnement encourue pendant la dur\u00e9e du contrat sera \u00e0 la charge du client.<\/li>\n\n\n\n<li>Les annulations sont autoris\u00e9es jusqu&rsquo;\u00e0 48 heures avant la r\u00e9servation, avec remboursement int\u00e9gral de l&rsquo;acompte sur demande par courriel.<\/li>\n<\/ul>\n","protected":false},"excerpt":{"rendered":"","protected":false},"author":100130,"featured_media":0,"parent":0,"menu_order":0,"comment_status":"closed","ping_status":"closed","template":"","meta":{"_acf_changed":false,"footnotes":""},"class_list":["post-1109","page","type-page","status-publish","hentry"],"acf":[],"_links":{"self":[{"href":"https:\/\/formenterarentamoto.com\/fr\/wp-json\/wp\/v2\/pages\/1109","targetHints":{"allow":["GET"]}}],"collection":[{"href":"https:\/\/formenterarentamoto.com\/fr\/wp-json\/wp\/v2\/pages"}],"about":[{"href":"https:\/\/formenterarentamoto.com\/fr\/wp-json\/wp\/v2\/types\/page"}],"author":[{"embeddable":true,"href":"https:\/\/formenterarentamoto.com\/fr\/wp-json\/wp\/v2\/users\/100130"}],"replies":[{"embeddable":true,"href":"https:\/\/formenterarentamoto.com\/fr\/wp-json\/wp\/v2\/comments?post=1109"}],"version-history":[{"count":2,"href":"https:\/\/formenterarentamoto.com\/fr\/wp-json\/wp\/v2\/pages\/1109\/revisions"}],"predecessor-version":[{"id":21468,"href":"https:\/\/formenterarentamoto.com\/fr\/wp-json\/wp\/v2\/pages\/1109\/revisions\/21468"}],"wp:attachment":[{"href":"https:\/\/formenterarentamoto.com\/fr\/wp-json\/wp\/v2\/media?parent=1109"}],"curies":[{"name":"wp","href":"https:\/\/api.w.org\/{rel}","templated":true}]}}