{"id":1400,"date":"2026-02-03T17:56:35","date_gmt":"2026-02-03T16:56:35","guid":{"rendered":"http:\/\/rentacarsanfernando.vl25185.dinaserver.com\/politica-privacidad\/"},"modified":"2026-03-26T09:36:03","modified_gmt":"2026-03-26T08:36:03","slug":"politique-de-confidentialite","status":"publish","type":"page","link":"https:\/\/formenterarentamoto.com\/fr\/politique-de-confidentialite\/","title":{"rendered":"politique de confidentialit\u00e9"},"content":{"rendered":"\n<p>La confidentialit\u00e9 et la s\u00e9curit\u00e9 sont des valeurs primordiales pour Automoci\u00f3n San Fernando SL. Par cons\u00e9quent, nous nous engageons \u00e0 garantir la confidentialit\u00e9 des donn\u00e9es de nos utilisateurs \u00e0 tout moment et \u00e0 ne collecter que les informations n\u00e9cessaires. Vous trouverez ci-dessous toutes les informations n\u00e9cessaires concernant notre politique de confidentialit\u00e9 relative aux donn\u00e9es personnelles que nous collectons\u00a0:<\/p>\n\n\n\n<ul class=\"wp-block-list\">\n<li>Qui est responsable du traitement de vos donn\u00e9es ?<\/li>\n\n\n\n<li>\u00c0 quelles fins collectons-nous les donn\u00e9es que nous vous demandons ?<\/li>\n\n\n\n<li>Quel est le fondement juridique de son traitement ?<\/li>\n\n\n\n<li>Combien de temps les conservons-nous ?<\/li>\n\n\n\n<li>\u00c0 qui vos donn\u00e9es sont-elles communiqu\u00e9es ?<\/li>\n\n\n\n<li>Quels sont vos droits ?<\/li>\n<\/ul>\n\n\n\n<p><strong>1. Responsable :<\/strong><\/p>\n\n\n\n<ul class=\"wp-block-list\">\n<li>Nom de l&rsquo;entreprise : Automoci\u00f3n San Fernando SL<\/li>\n\n\n\n<li>Adresse : Pol\u00edgono de la Marina, 4, 07870 La Savina, Illes Balears<\/li>\n\n\n\n<li>e-mail : info@formenterarentamoto.com<\/li>\n<\/ul>\n\n\n\n<p><strong>2. Finalit\u00e9s, base juridique et dur\u00e9e de conservation du traitement des donn\u00e9es transmises par :<\/strong><\/p>\n\n\n\n<ul class=\"wp-block-list\">\n<li><strong>FORMULAIRE DE CONTACT.<\/strong><\/li>\n<\/ul>\n\n\n\n<p>Objectif : Vous fournir un moyen de nous contacter et de r\u00e9pondre \u00e0 vos demandes d&rsquo;information, ainsi que de vous envoyer des communications sur nos produits, services et activit\u00e9s, y compris par voie \u00e9lectronique (courriel, SMS, WhatsApp), si vous cochez la case d&rsquo;acceptation.<\/p>\n\n\n\n<p>Base juridique : Le consentement de l&rsquo;utilisateur lors de sa demande d&rsquo;informations via notre formulaire de contact et en cochant la case acceptant l&rsquo;envoi d&rsquo;informations.<\/p>\n\n\n\n<p>Conservation&nbsp;: Une fois votre demande trait\u00e9e via notre formulaire ou trait\u00e9e par courriel, si elle n\u2019a pas entra\u00een\u00e9 de nouveau traitement, et si vous avez accept\u00e9 de recevoir des communications commerciales, vos donn\u00e9es seront conserv\u00e9es jusqu\u2019\u00e0 ce que vous demandiez votre d\u00e9sabonnement.<\/p>\n\n\n\n<ul class=\"wp-block-list\">\n<li><strong>ENVOI DE COURRIELS.<\/strong><\/li>\n<\/ul>\n\n\n\n<p>Objectif : R\u00e9pondre \u00e0 vos demandes d&rsquo;information, y donner suite et r\u00e9pondre \u00e0 vos questions ou doutes.<\/p>\n\n\n\n<p>Base juridique : Le consentement de l&rsquo;utilisateur lorsqu&rsquo;il nous demande des informations par courriel.<\/p>\n\n\n\n<p>Conservation : Une fois votre demande trait\u00e9e par e-mail, si elle n&rsquo;a pas g\u00e9n\u00e9r\u00e9 de nouveau traitement.<\/p>\n\n\n\n<ul class=\"wp-block-list\">\n<li><strong>ENVOI DE VOTRE CURRICULUM VITAE PAR COURRIEL<\/strong><\/li>\n<\/ul>\n\n\n\n<p>Objectif : Mettre votre CV \u00e0 disposition pour participer \u00e0 nos processus de s\u00e9lection du personnel.<\/p>\n\n\n\n<p>Base juridique : Le consentement de l&rsquo;utilisateur lors de la soumission de ses informations personnelles et de son CV pour nos processus de s\u00e9lection du personnel.<\/p>\n\n\n\n<p>R\u00e9tention : Pendant l&rsquo;\u00e9laboration des processus de s\u00e9lection du personnel ouverts et pendant 1 an pour les processus futurs.<\/p>\n\n\n\n<p><strong>3. Destinataires de vos donn\u00e9es<\/strong><\/p>\n\n\n\n<p>Vos donn\u00e9es sont confidentielles et ne seront pas partag\u00e9es avec des tiers, sauf obligation l\u00e9gale.<\/p>\n\n\n\n<p><strong>4. Vos droits relatifs \u00e0 vos donn\u00e9es personnelles<\/strong><\/p>\n\n\n\n<p>Toute personne peut retirer son consentement \u00e0 tout moment, lorsque celui-ci a \u00e9t\u00e9 donn\u00e9 pour le traitement de ses donn\u00e9es. Le retrait de ce consentement n&rsquo;affecte en aucun cas l&rsquo;ex\u00e9cution du contrat d&rsquo;abonnement ni les relations \u00e9tablies ant\u00e9rieurement.<\/p>\n\n\n\n<p>Vous pouvez \u00e9galement exercer les droits suivants&nbsp;:<\/p>\n\n\n\n<ul class=\"wp-block-list\">\n<li>Demandez l&rsquo;acc\u00e8s \u00e0 vos donn\u00e9es personnelles ou leur rectification lorsqu&rsquo;elles sont inexactes.<\/li>\n\n\n\n<li>Demandez leur suppression lorsque, entre autres raisons, les donn\u00e9es ne sont plus n\u00e9cessaires aux fins pour lesquelles elles ont \u00e9t\u00e9 collect\u00e9es.<\/li>\n\n\n\n<li>Demandez la limitation de votre traitement dans certaines circonstances.<\/li>\n\n\n\n<li>Demande d&rsquo;opposition au traitement de vos donn\u00e9es pour des raisons tenant \u00e0 votre situation particuli\u00e8re.<\/li>\n\n\n\n<li>Demandez la portabilit\u00e9 des donn\u00e9es dans les cas pr\u00e9vus par la r\u00e9glementation.<\/li>\n\n\n\n<li>Autres droits reconnus par la r\u00e9glementation applicable.<\/li>\n<\/ul>\n\n\n\n<p>O\u00f9 et comment faire valoir vos droits&nbsp;: En envoyant une demande \u00e9crite au responsable du traitement des donn\u00e9es \u00e0 son adresse postale ou \u00e9lectronique (indiqu\u00e9e dans la section A), en indiquant la r\u00e9f\u00e9rence \u00ab&nbsp;Donn\u00e9es personnelles&nbsp;\u00bb, en pr\u00e9cisant le droit que vous souhaitez exercer et les donn\u00e9es personnelles concern\u00e9es.<\/p>\n\n\n\n<p>En cas de d\u00e9saccord avec l&rsquo;entreprise concernant le traitement de vos donn\u00e9es, vous pouvez d\u00e9poser une plainte aupr\u00e8s de l&rsquo;Autorit\u00e9 de protection des donn\u00e9es ( <a href=\"http:\/\/www.agpd.es\/\" target=\"_blank\" rel=\"noopener\">www.agpd.es<\/a> ).<\/p>\n\n\n\n<p><strong>5. Cookies<\/strong><\/p>\n\n\n\n<p>Ce site web utilise uniquement des cookies techniques, de personnalisation et d&rsquo;analyse, les siens et ceux de tiers (Google Analytics), qui ne traitent en aucun cas de donn\u00e9es personnelles ni ne collectent les habitudes de navigation \u00e0 des fins publicitaires.<\/p>\n\n\n\n<p>Par cons\u00e9quent, lors de votre acc\u00e8s \u00e0 notre site web, conform\u00e9ment \u00e0 l&rsquo;article 22 de la loi relative aux services de la soci\u00e9t\u00e9 de l&rsquo;information, concernant les cookies d&rsquo;analyse, nous vous avons demand\u00e9 votre consentement pour leur utilisation et vous avons fourni des informations \u00e0 leur sujet. Ces cookies seront install\u00e9s apr\u00e8s un d\u00e9lai raisonnable afin que vous ayez le temps de d\u00e9cider si vous souhaitez ou non donner votre consentement.<\/p>\n\n\n\n<p><strong>6. S\u00e9curit\u00e9 de vos donn\u00e9es personnelles<\/strong><\/p>\n\n\n\n<p>Afin de garantir la s\u00e9curit\u00e9 de vos donn\u00e9es personnelles, nous vous informons que nous avons mis en \u0153uvre toutes les mesures techniques et organisationnelles n\u00e9cessaires pour assurer la s\u00e9curit\u00e9 des donn\u00e9es personnelles fournies contre toute alt\u00e9ration, perte, traitement ou acc\u00e8s non autoris\u00e9.<\/p>\n\n\n\n<p><strong>7. Mise \u00e0 jour de vos donn\u00e9es<\/strong><\/p>\n\n\n\n<p>Il est important que, pour que nous puissions tenir vos donn\u00e9es personnelles \u00e0 jour, vous nous informiez de tout changement les concernant ; sinon, nous ne pouvons garantir leur exactitude.<\/p>\n\n\n\n<p>Nous ne sommes pas responsables des politiques de confidentialit\u00e9 concernant les donn\u00e9es personnelles que vous pourriez fournir \u00e0 des tiers via les liens disponibles sur notre site web.<\/p>\n\n\n\n<p>La pr\u00e9sente politique de confidentialit\u00e9 peut \u00eatre modifi\u00e9e afin de s&rsquo;adapter aux changements sur notre site web, ainsi qu&rsquo;aux changements l\u00e9gislatifs ou jurisprudentiels concernant les donn\u00e9es personnelles qui pourraient survenir. Vous devriez donc la consulter chaque fois que vous nous fournissez vos donn\u00e9es par le biais de ce site web.<\/p>\n","protected":false},"excerpt":{"rendered":"<p>La confidentialit\u00e9 et la s\u00e9curit\u00e9 sont des valeurs primordiales pour Automoci\u00f3n San Fernando SL. Par cons\u00e9quent, nous nous engageons \u00e0 garantir la confidentialit\u00e9 des donn\u00e9es de nos utilisateurs \u00e0 tout moment et \u00e0 ne collecter que les informations n\u00e9cessaires. Vous trouverez ci-dessous toutes les informations n\u00e9cessaires concernant notre politique de confidentialit\u00e9 relative aux donn\u00e9es personnelles [&hellip;]<\/p>\n","protected":false},"author":100130,"featured_media":0,"parent":0,"menu_order":0,"comment_status":"closed","ping_status":"closed","template":"","meta":{"_acf_changed":false,"footnotes":""},"class_list":["post-1400","page","type-page","status-publish","hentry"],"acf":[],"_links":{"self":[{"href":"https:\/\/formenterarentamoto.com\/fr\/wp-json\/wp\/v2\/pages\/1400","targetHints":{"allow":["GET"]}}],"collection":[{"href":"https:\/\/formenterarentamoto.com\/fr\/wp-json\/wp\/v2\/pages"}],"about":[{"href":"https:\/\/formenterarentamoto.com\/fr\/wp-json\/wp\/v2\/types\/page"}],"author":[{"embeddable":true,"href":"https:\/\/formenterarentamoto.com\/fr\/wp-json\/wp\/v2\/users\/100130"}],"replies":[{"embeddable":true,"href":"https:\/\/formenterarentamoto.com\/fr\/wp-json\/wp\/v2\/comments?post=1400"}],"version-history":[{"count":9,"href":"https:\/\/formenterarentamoto.com\/fr\/wp-json\/wp\/v2\/pages\/1400\/revisions"}],"predecessor-version":[{"id":21980,"href":"https:\/\/formenterarentamoto.com\/fr\/wp-json\/wp\/v2\/pages\/1400\/revisions\/21980"}],"wp:attachment":[{"href":"https:\/\/formenterarentamoto.com\/fr\/wp-json\/wp\/v2\/media?parent=1400"}],"curies":[{"name":"wp","href":"https:\/\/api.w.org\/{rel}","templated":true}]}}