{"id":1440,"date":"2026-02-03T17:55:52","date_gmt":"2026-02-03T16:55:52","guid":{"rendered":"http:\/\/rentacarsanfernando.vl25185.dinaserver.com\/aviso-legal\/"},"modified":"2026-02-04T11:24:39","modified_gmt":"2026-02-04T10:24:39","slug":"avis-legal","status":"publish","type":"page","link":"https:\/\/formenterarentamoto.com\/fr\/avis-legal\/","title":{"rendered":"Avis juridique"},"content":{"rendered":"\n<p><strong>Informations fiscales<\/strong><\/p>\n\n<ul class=\"wp-block-list\">\n<li>Propri\u00e9taire : Formentera Rent a Moto SL<\/li>\n\n\n\n<li>NIF\u00a0:  B07546336<\/li>\n\n\n\n<li>Adresse : Pol\u00edgono de la Marina, 4, 07870 La Savina, Illes Balears<\/li>\n\n\n\n<li>T\u00e9l\u00e9phone : 971322695<\/li>\n<\/ul>\n\n<p><strong>protection des donn\u00e9es personnelles<\/strong><\/p>\n\n<p>Les donn\u00e9es personnelles collect\u00e9es via ce site web sont utilis\u00e9es exclusivement pour la fourniture des services demand\u00e9s et \u00e0 des fins de facturation. Vos donn\u00e9es seront conserv\u00e9es dans des fichiers appartenant \u00e0 Formentera Rent a Moto SL \u00e0 des fins de facturation et pendant la dur\u00e9e l\u00e9gale requise. Vous pouvez exercer vos droits d&rsquo;acc\u00e8s, de rectification, d&rsquo;effacement et d&rsquo;opposition en \u00e9crivant \u00e0 Formentera Rent a Moto SL, Pol\u00edgono de la Marina, 4, 07870 La Savina, \u00celes Bal\u00e9ares, Espagne.  <\/p>\n\n<p><strong>Propri\u00e9t\u00e9 intellectuelle et responsabilit\u00e9 du contenu<\/strong><\/p>\n\n<p>Toute utilisation du contenu du site web, notamment des textes, du design et du code source, est interdite sans l&rsquo;autorisation expresse de ses propri\u00e9taires. Toute utilisation non autoris\u00e9e fera l&rsquo;objet de poursuites judiciaires. <\/p>\n\n<p>Le propri\u00e9taire du site web n&rsquo;est pas responsable du contenu des sites web li\u00e9s \u00e0 partir de ce site, conform\u00e9ment \u00e0 l&rsquo;article 17 de la LSSICE (Loi espagnole sur les services de la soci\u00e9t\u00e9 de l&rsquo;information et le commerce \u00e9lectronique).<\/p>\n","protected":false},"excerpt":{"rendered":"<p>Informations fiscales protection des donn\u00e9es personnelles Les donn\u00e9es personnelles collect\u00e9es via ce site web sont utilis\u00e9es exclusivement pour la fourniture des services demand\u00e9s et \u00e0 des fins de facturation. Vos donn\u00e9es seront conserv\u00e9es dans des fichiers appartenant \u00e0 Formentera Rent a Moto SL \u00e0 des fins de facturation et pendant la dur\u00e9e l\u00e9gale requise. Vous [&hellip;]<\/p>\n","protected":false},"author":100130,"featured_media":0,"parent":0,"menu_order":0,"comment_status":"closed","ping_status":"closed","template":"","meta":{"_acf_changed":false,"footnotes":""},"class_list":["post-1440","page","type-page","status-publish","hentry"],"acf":[],"_links":{"self":[{"href":"https:\/\/formenterarentamoto.com\/fr\/wp-json\/wp\/v2\/pages\/1440","targetHints":{"allow":["GET"]}}],"collection":[{"href":"https:\/\/formenterarentamoto.com\/fr\/wp-json\/wp\/v2\/pages"}],"about":[{"href":"https:\/\/formenterarentamoto.com\/fr\/wp-json\/wp\/v2\/types\/page"}],"author":[{"embeddable":true,"href":"https:\/\/formenterarentamoto.com\/fr\/wp-json\/wp\/v2\/users\/100130"}],"replies":[{"embeddable":true,"href":"https:\/\/formenterarentamoto.com\/fr\/wp-json\/wp\/v2\/comments?post=1440"}],"version-history":[{"count":5,"href":"https:\/\/formenterarentamoto.com\/fr\/wp-json\/wp\/v2\/pages\/1440\/revisions"}],"predecessor-version":[{"id":21479,"href":"https:\/\/formenterarentamoto.com\/fr\/wp-json\/wp\/v2\/pages\/1440\/revisions\/21479"}],"wp:attachment":[{"href":"https:\/\/formenterarentamoto.com\/fr\/wp-json\/wp\/v2\/media?parent=1440"}],"curies":[{"name":"wp","href":"https:\/\/api.w.org\/{rel}","templated":true}]}}