{"id":1469,"date":"2026-02-03T17:56:34","date_gmt":"2026-02-03T16:56:34","guid":{"rendered":"http:\/\/rentacarsanfernando.vl25185.dinaserver.com\/politica-de-cookies\/"},"modified":"2026-02-04T11:24:47","modified_gmt":"2026-02-04T10:24:47","slug":"politique-de-cookies","status":"publish","type":"page","link":"https:\/\/formenterarentamoto.com\/fr\/politique-de-cookies\/","title":{"rendered":"Politique relative aux cookies"},"content":{"rendered":"\n<p><strong>Que sont les cookies ?<\/strong><\/p>\n\n<p>Un cookie est un fichier qui est t\u00e9l\u00e9charg\u00e9 sur votre ordinateur lorsque vous acc\u00e9dez \u00e0 certaines pages web. Les cookies permettent notamment \u00e0 un site web de stocker et de r\u00e9cup\u00e9rer des informations sur les habitudes de navigation d&rsquo;un utilisateur ou sur son appareil et, selon les informations qu&rsquo;ils contiennent et la mani\u00e8re dont l&rsquo;appareil est utilis\u00e9, ils peuvent servir \u00e0 reconna\u00eetre l&rsquo;utilisateur. Le navigateur de l&rsquo;utilisateur stocke les cookies sur le disque dur uniquement pendant la session en cours, occupant un espace m\u00e9moire minimal et sans nuire \u00e0 l&rsquo;ordinateur. Les cookies ne contiennent aucune information personnelle sp\u00e9cifique et la plupart d&rsquo;entre eux sont supprim\u00e9s du disque dur \u00e0 la fin de la session de navigation (ce sont les cookies de session).<\/p>\n\n<p>La plupart des navigateurs acceptent les cookies par d\u00e9faut et, ind\u00e9pendamment de cela, permettent d&rsquo;autoriser ou d&#8217;emp\u00eacher les cookies temporaires ou stock\u00e9s dans les param\u00e8tres de s\u00e9curit\u00e9.<\/p>\n\n<p>Sans votre consentement explicite \u2013 en activant les cookies dans votre navigateur \u2013 cette page ne reliera pas les donn\u00e9es stock\u00e9es dans les cookies \u00e0 vos donn\u00e9es personnelles fournies lors de votre inscription ou de votre achat.<\/p>\n\n<p><strong>Quels types de cookies ce site web utilise-t-il\u00a0?<\/strong><\/p>\n\n<ul class=\"wp-block-list\">\n<li><strong>Cookies techniques\u00a0:<\/strong> Ce sont ceux qui permettent \u00e0 l\u2019utilisateur de naviguer sur un site web, une plateforme ou une application et d\u2019utiliser les diff\u00e9rentes options ou services qui y existent, tels que le contr\u00f4le du trafic et de la communication des donn\u00e9es, l\u2019identification de la session, l\u2019acc\u00e8s aux zones restreintes, la m\u00e9morisation des articles d\u2019une commande, la finalisation du processus d\u2019achat, l\u2019inscription ou la participation \u00e0 un \u00e9v\u00e9nement, l\u2019utilisation des fonctions de s\u00e9curit\u00e9 lors de la navigation, le stockage de contenu pour la lecture vid\u00e9o ou audio, ou le partage de contenu via les r\u00e9seaux sociaux.<\/li>\n\n\n\n<li><strong>Cookies de personnalisation\u00a0:<\/strong> il s\u2019agit de ceux qui permettent \u00e0 l\u2019utilisateur d\u2019acc\u00e9der au service avec certaines caract\u00e9ristiques g\u00e9n\u00e9rales pr\u00e9d\u00e9finies, bas\u00e9es sur une s\u00e9rie de crit\u00e8res li\u00e9s au terminal de l\u2019utilisateur, tels que la langue, le type de navigateur utilis\u00e9 pour acc\u00e9der au service, la configuration r\u00e9gionale depuis laquelle le service est consult\u00e9, etc.<\/li>\n\n\n\n<li><strong>Cookies analytiques\u00a0:<\/strong> Il s\u2019agit de ceux qui, qu\u2019ils soient trait\u00e9s par nous ou par des tiers, nous permettent de quantifier le nombre d\u2019utilisateurs et ainsi de r\u00e9aliser la mesure et l\u2019analyse statistique de l\u2019utilisation que les utilisateurs font du service propos\u00e9. Pour ce faire, nous analysons votre navigation sur notre site web afin d&rsquo;am\u00e9liorer les produits ou services que nous vous proposons.<\/li>\n\n\n\n<li><strong>Cookies publicitaires\u00a0:<\/strong> Il s\u2019agit de ceux qui, qu\u2019ils soient trait\u00e9s par nous ou par des tiers, nous permettent de g\u00e9rer au mieux l\u2019espace publicitaire sur le site web, en adaptant le contenu de la publicit\u00e9 au contenu du service demand\u00e9 ou \u00e0 votre utilisation de notre site web. Pour ce faire, nous pouvons analyser vos habitudes de navigation sur Internet et vous afficher des publicit\u00e9s adapt\u00e9es \u00e0 votre profil de navigation.<\/li>\n\n\n\n<li><strong>Cookies publicitaires comportementaux\u00a0:<\/strong> ce sont ceux qui permettent la gestion la plus efficace des espaces publicitaires que l\u2019\u00e9diteur a pu inclure sur un site web, une application ou une plateforme \u00e0 partir de laquelle le service demand\u00e9 est fourni. Ces cookies stockent des informations sur le comportement des utilisateurs, obtenues gr\u00e2ce \u00e0 l&rsquo;observation continue de leurs habitudes de navigation, permettant ainsi l&rsquo;\u00e9laboration d&rsquo;un profil sp\u00e9cifique pour afficher des publicit\u00e9s cibl\u00e9es.<\/li>\n<\/ul>\n\n<p><strong>Cookies tiers<\/strong><\/p>\n\n<p>Ce site Web peut utiliser des services tiers qui collecteront des informations \u00e0 des fins statistiques, concernant l&rsquo;utilisation du site par les utilisateurs, et pour la fourniture d&rsquo;autres services li\u00e9s \u00e0 l&rsquo;activit\u00e9 du site Web et \u00e0 d&rsquo;autres services Internet.<\/p>\n\n<p>Ce site web utilise notamment\u00a0:<\/p>\n\n<ul class=\"wp-block-list\">\n<li>Cookies <a href=\"http:\/\/www.google.com\/intl\/es\/analytics\/privacyoverview.html\" target=\"_blank\" rel=\"noreferrer noopener\">Google Analytics<\/a>\u00a0: Ils servent \u00e0 analyser et \u00e0 mesurer la fa\u00e7on dont les visiteurs utilisent ce site Web. Ces informations servent \u00e0 \u00e9tablir des rapports qui nous permettent d&rsquo;am\u00e9liorer ce site. Ces <em>cookies<\/em> collectent des informations de mani\u00e8re anonyme, notamment le nombre de visiteurs sur le site, la mani\u00e8re dont ils y sont arriv\u00e9s et les pages qu&rsquo;ils ont consult\u00e9es lors de leur navigation sur notre site web.<\/li>\n\n\n\n<li>Cookies <a href=\"https:\/\/support.google.com\/youtube\/answer\/2407785?hl=es-419\" target=\"_blank\" rel=\"noreferrer noopener\">YouTube<\/a>\u00a0: Ils servent \u00e0 compter le nombre de vues des vid\u00e9os int\u00e9gr\u00e9es sur d\u2019autres sites web.<\/li>\n\n\n\n<li>Cookies <a href=\"http:\/\/www.addthis.com\/privacy\" target=\"_blank\" rel=\"noreferrer noopener\">AddThis<\/a>\u00a0: AddThis est une entreprise technologique qui permet aux sites web et \u00e0 leurs utilisateurs de partager facilement du contenu avec d\u2019autres, gr\u00e2ce \u00e0 des ic\u00f4nes de partage et des plateformes de partage de signets sociaux. Les cookies AddThis sont utilis\u00e9s pour permettre le partage de contenu. AddThis est \u00e9galement utilis\u00e9 pour recueillir des informations sur la mani\u00e8re dont le contenu du site web est partag\u00e9. Les cookies permettent d&rsquo;identifier un utilisateur de mani\u00e8re unique (non pas personnellement, mais en termes d&rsquo;adresse) afin d&rsquo;\u00e9viter de r\u00e9p\u00e9ter des t\u00e2ches dans un laps de temps d\u00e9termin\u00e9.<\/li>\n\n\n\n<li>Autres cookies de personnalisation\u00a0: Ces cookies permettent \u00e0 l\u2019utilisateur de sp\u00e9cifier ou de personnaliser certaines fonctionnalit\u00e9s des options g\u00e9n\u00e9rales du site Web. Par exemple, d\u00e9finir la langue, les param\u00e8tres r\u00e9gionaux ou le type de navigateur. <a href=\"http:\/\/www.addthis.com\/privacy\" target=\"_blank\" rel=\"noreferrer noopener\">AddThis<\/a> <a href=\"https:\/\/es-es.facebook.com\/help\/cookies\" target=\"_blank\" rel=\"noreferrer noopener\">Facebook<\/a> <a href=\"https:\/\/twitter.com\/privacy\" target=\"_blank\" rel=\"noreferrer noopener\">Twitter<\/a> <a href=\"http:\/\/www.google.es\/intl\/es\/policies\/technologies\/types\/\" target=\"_blank\" rel=\"noreferrer noopener\">Google<\/a> <a href=\"https:\/\/support.google.com\/youtube\/answer\/2407785?hl=es-419\" target=\"_blank\" rel=\"noreferrer noopener\">YouTube<\/a><\/li>\n<\/ul>\n\n<p><strong>En utilisant ce Site, l\u2019Utilisateur accepte express\u00e9ment le traitement des informations collect\u00e9es de la mani\u00e8re et aux fins mentionn\u00e9es ci-dessus.<\/strong>  Elle reconna\u00eet \u00e9galement la possibilit\u00e9 de refuser le traitement de ces donn\u00e9es ou informations en refusant l&rsquo;utilisation des cookies gr\u00e2ce \u00e0 la s\u00e9lection des param\u00e8tres appropri\u00e9s \u00e0 cet effet dans votre navigateur. Bien que cette option de blocage des cookies dans votre navigateur puisse vous emp\u00eacher d&rsquo;utiliser pleinement toutes les fonctionnalit\u00e9s du site Web.<\/p>\n\n<p>Vous pouvez autoriser, bloquer ou supprimer les cookies install\u00e9s sur votre ordinateur en configurant les options du navigateur install\u00e9 sur votre ordinateur\u00a0:<\/p>\n\n<ul class=\"wp-block-list\">\n<li><a href=\"http:\/\/support.google.com\/chrome\/bin\/answer.py?hl=es&amp;answer=95647\" target=\"_blank\" rel=\"noreferrer noopener\">Chrome<\/a><\/li>\n\n\n\n<li><a href=\"https:\/\/support.microsoft.com\/es-es\/windows\/eliminar-y-administrar-cookies-168dab11-0753-043d-7c16-ede5947fc64d\" target=\"_blank\" rel=\"noreferrer noopener\">Bord<\/a><\/li>\n\n\n\n<li><a href=\"http:\/\/support.mozilla.org\/es\/kb\/habilitar-y-deshabilitar-cookies-que-los-sitios-we\" target=\"_blank\" rel=\"noreferrer noopener\">Firefox<\/a><\/li>\n\n\n\n<li><a href=\"http:\/\/support.apple.com\/kb\/ph5042\" target=\"_blank\" rel=\"noreferrer noopener\">Safari<\/a><\/li>\n<\/ul>\n\n<p>Si vous avez des questions concernant cette politique relative aux cookies, vous pouvez nous contacter \u00e0 l&rsquo;adresse suivante :<a href=\"mailto:info@formenterarentamoto.com\">info@formenterarentamoto.com<\/a> .<\/p>\n","protected":false},"excerpt":{"rendered":"<p>Que sont les cookies ? Un cookie est un fichier qui est t\u00e9l\u00e9charg\u00e9 sur votre ordinateur lorsque vous acc\u00e9dez \u00e0 certaines pages web. Les cookies permettent notamment \u00e0 un site web de stocker et de r\u00e9cup\u00e9rer des informations sur les habitudes de navigation d&rsquo;un utilisateur ou sur son appareil et, selon les informations qu&rsquo;ils contiennent [&hellip;]<\/p>\n","protected":false},"author":100130,"featured_media":0,"parent":0,"menu_order":0,"comment_status":"closed","ping_status":"closed","template":"","meta":{"_acf_changed":false,"footnotes":""},"class_list":["post-1469","page","type-page","status-publish","hentry"],"acf":[],"_links":{"self":[{"href":"https:\/\/formenterarentamoto.com\/fr\/wp-json\/wp\/v2\/pages\/1469","targetHints":{"allow":["GET"]}}],"collection":[{"href":"https:\/\/formenterarentamoto.com\/fr\/wp-json\/wp\/v2\/pages"}],"about":[{"href":"https:\/\/formenterarentamoto.com\/fr\/wp-json\/wp\/v2\/types\/page"}],"author":[{"embeddable":true,"href":"https:\/\/formenterarentamoto.com\/fr\/wp-json\/wp\/v2\/users\/100130"}],"replies":[{"embeddable":true,"href":"https:\/\/formenterarentamoto.com\/fr\/wp-json\/wp\/v2\/comments?post=1469"}],"version-history":[{"count":5,"href":"https:\/\/formenterarentamoto.com\/fr\/wp-json\/wp\/v2\/pages\/1469\/revisions"}],"predecessor-version":[{"id":21474,"href":"https:\/\/formenterarentamoto.com\/fr\/wp-json\/wp\/v2\/pages\/1469\/revisions\/21474"}],"wp:attachment":[{"href":"https:\/\/formenterarentamoto.com\/fr\/wp-json\/wp\/v2\/media?parent=1469"}],"curies":[{"name":"wp","href":"https:\/\/api.w.org\/{rel}","templated":true}]}}