{"id":1112,"date":"2026-02-03T17:56:04","date_gmt":"2026-02-03T16:56:04","guid":{"rendered":"http:\/\/rentacarsanfernando.vl25185.dinaserver.com\/condiciones-de-reserva-y-cancelacion\/"},"modified":"2026-02-04T11:36:38","modified_gmt":"2026-02-04T10:36:38","slug":"condizioni-di-prenotazione-e-cancellazione","status":"publish","type":"page","link":"https:\/\/formenterarentamoto.com\/it\/condizioni-di-prenotazione-e-cancellazione\/","title":{"rendered":"Condizioni di prenotazione e cancellazione"},"content":{"rendered":"\n<ul class=\"wp-block-list\">\n<li>Consegna e riconsegna del pieno\/pieno di benzina (in caso contrario il pagamento verr\u00e0 effettuato secondo le modalit\u00e0 concordate in ufficio).<\/li>\n\n\n\n<li>Consegna e riconsegna nel luogo, nella data e nell&#8217;ora stabiliti nel contratto (in caso contrario, \u00e8 necessario avvisare e ricevere conferma dal locatore).<\/li>\n\n\n\n<li>Restituzione del veicolo e degli altri extra (come chiavi, caschi, lucchetti, \u2026) in perfette condizioni (in caso contrario, pagare quanto pattuito, sia la franchigia massima che quella corrispondente in base al danno, al deterioramento o alla perdita).<\/li>\n\n\n\n<li>Segnala eventuali problemi o guasti riscontrati con il veicolo, in modo che il locatore possa risolverli.<\/li>\n\n\n\n<li>\u00c8 severamente vietato portare il veicolo fuori dall&#8217;isola, subaffittarlo o utilizzarlo in modo improprio.<\/li>\n\n\n\n<li>Per noleggiare un&#8217;auto o uno scooter da 125 cc \u00e8 richiesta un&#8217;et\u00e0 minima di 23 anni e 3 anni di esperienza di guida, mentre per gli scooter da 50 cc \u00e8 richiesta un&#8217;et\u00e0 minima di 18 anni.<\/li>\n\n\n\n<li>Per i veicoli a motore \u00e8 richiesta una copia della carta di credito come garanzia (se non ne avete una, consultate la compagnia).<\/li>\n\n\n\n<li>Eventuali multe per violazioni del codice della strada o del parcheggio commesse durante il periodo contrattuale saranno a carico del cliente.<\/li>\n\n\n\n<li>Le cancellazioni saranno consentite fino a 48 ore prima della prenotazione con rimborso completo dell&#8217;acconto se richiesto via e-mail.<\/li>\n<\/ul>\n","protected":false},"excerpt":{"rendered":"","protected":false},"author":100130,"featured_media":0,"parent":0,"menu_order":0,"comment_status":"closed","ping_status":"closed","template":"","meta":{"_acf_changed":false,"footnotes":""},"class_list":["post-1112","page","type-page","status-publish","hentry"],"acf":[],"_links":{"self":[{"href":"https:\/\/formenterarentamoto.com\/it\/wp-json\/wp\/v2\/pages\/1112","targetHints":{"allow":["GET"]}}],"collection":[{"href":"https:\/\/formenterarentamoto.com\/it\/wp-json\/wp\/v2\/pages"}],"about":[{"href":"https:\/\/formenterarentamoto.com\/it\/wp-json\/wp\/v2\/types\/page"}],"author":[{"embeddable":true,"href":"https:\/\/formenterarentamoto.com\/it\/wp-json\/wp\/v2\/users\/100130"}],"replies":[{"embeddable":true,"href":"https:\/\/formenterarentamoto.com\/it\/wp-json\/wp\/v2\/comments?post=1112"}],"version-history":[{"count":2,"href":"https:\/\/formenterarentamoto.com\/it\/wp-json\/wp\/v2\/pages\/1112\/revisions"}],"predecessor-version":[{"id":21466,"href":"https:\/\/formenterarentamoto.com\/it\/wp-json\/wp\/v2\/pages\/1112\/revisions\/21466"}],"wp:attachment":[{"href":"https:\/\/formenterarentamoto.com\/it\/wp-json\/wp\/v2\/media?parent=1112"}],"curies":[{"name":"wp","href":"https:\/\/api.w.org\/{rel}","templated":true}]}}