{"id":1401,"date":"2026-02-03T17:56:35","date_gmt":"2026-02-03T16:56:35","guid":{"rendered":"http:\/\/rentacarsanfernando.vl25185.dinaserver.com\/politica-privacidad\/"},"modified":"2026-03-26T09:38:15","modified_gmt":"2026-03-26T08:38:15","slug":"politica-sulla-privacy","status":"publish","type":"page","link":"https:\/\/formenterarentamoto.com\/it\/politica-sulla-privacy\/","title":{"rendered":"politica sulla riservatezza"},"content":{"rendered":"\n<p>La riservatezza e la sicurezza sono valori fondamentali per Formentera Rent a Moto SL e, di conseguenza, ci impegniamo a garantire la privacy degli utenti in ogni momento e a non raccogliere informazioni non necessarie. Di seguito, forniamo tutte le informazioni necessarie sulla nostra Informativa sulla privacy relativa ai dati personali che raccogliamo, spiegando: <\/p>\n\n\n\n<ul class=\"wp-block-list\">\n<li>Chi \u00e8 responsabile del trattamento dei tuoi dati?<\/li>\n\n\n\n<li>Per quali finalit\u00e0 raccogliamo i dati che ti richiediamo?<\/li>\n\n\n\n<li>Qual \u00e8 la base giuridica del suo trattamento?<\/li>\n\n\n\n<li>Per quanto tempo li conserviamo?<\/li>\n\n\n\n<li>A chi vengono comunicati i tuoi dati?<\/li>\n\n\n\n<li>Quali sono i tuoi diritti?<\/li>\n<\/ul>\n\n\n\n<p><strong>1. Responsabile:<\/strong><\/p>\n\n\n\n<ul class=\"wp-block-list\">\n<li>Nome dell&#8217;azienda: Automoci\u00f3n San Fernando SL<\/li>\n\n\n\n<li>Indirizzo: Pol\u00edgono de la Marina, 4, 07870 La Savina, Illes Balears<\/li>\n\n\n\n<li>e-mail: info@formenterarentamoto.com<\/li>\n<\/ul>\n\n\n\n<p><strong>2. Finalit\u00e0, base giuridica e conservazione del trattamento dei dati inviati tramite:<\/strong><\/p>\n\n\n\n<ul class=\"wp-block-list\">\n<li><strong>MODULO DI CONTATTO.<\/strong><\/li>\n<\/ul>\n\n\n\n<p>Finalit\u00e0: fornirti un mezzo per contattarci e rispondere alle tue richieste di informazioni, nonch\u00e9 per inviarti comunicazioni sui nostri prodotti, servizi e attivit\u00e0, anche tramite mezzi elettronici (e-mail, SMS, WhatsApp), se selezioni la casella di accettazione.<\/p>\n\n\n\n<p>Base giuridica: Consenso dell&#8217;utente quando richiede informazioni tramite il nostro modulo di contatto e spuntando la casella di accettazione dell&#8217;invio delle informazioni.<\/p>\n\n\n\n<p>Conservazione: Una volta elaborata la tua richiesta tramite il nostro modulo o ricevuta risposta via email, se non \u00e8 stato generato un nuovo trattamento e nel caso in cui tu abbia acconsentito a ricevere comunicazioni commerciali, finch\u00e9 non richiedi di cancellarti da esse.<\/p>\n\n\n\n<ul class=\"wp-block-list\">\n<li><strong>INVIO DI EMAIL.<\/strong><\/li>\n<\/ul>\n\n\n\n<p>Finalit\u00e0: rispondere alle vostre richieste di informazioni, gestire le vostre richieste e rispondere alle vostre domande o dubbi.<\/p>\n\n\n\n<p>Base giuridica: Consenso dell&#8217;utente quando ci richiede informazioni via e-mail.<\/p>\n\n\n\n<p>Conservazione: Una volta che la tua richiesta ha ricevuto risposta via e-mail, se non \u00e8 stato generato un nuovo trattamento.<\/p>\n\n\n\n<ul class=\"wp-block-list\">\n<li><strong>INVIO DEL CURRICULUM VITAE VIA EMAIL<\/strong><\/li>\n<\/ul>\n\n\n\n<p>Finalit\u00e0: Mettere a disposizione il tuo curriculum per partecipare ai nostri processi di selezione del personale.<\/p>\n\n\n\n<p>Base giuridica: Consenso dell&#8217;utente quando invia i propri dati personali e il curriculum per i nostri processi di selezione del personale.<\/p>\n\n\n\n<p>Mantenimento: durante lo sviluppo di processi di selezione del personale aperti e per 1 anno per i processi futuri.<\/p>\n\n\n\n<p><strong>3. Destinatari dei tuoi dati<\/strong><\/p>\n\n\n\n<p>I tuoi dati sono riservati e non saranno condivisi con terze parti, a meno che non vi sia un obbligo legale in tal senso.<\/p>\n\n\n\n<p><strong>4. Diritti in relazione ai tuoi dati personali<\/strong><\/p>\n\n\n\n<p>Chiunque pu\u00f2 revocare in qualsiasi momento il proprio consenso al trattamento dei propri dati, una volta prestato. In nessun caso la revoca di tale consenso pregiudicher\u00e0 l&#8217;esecuzione del contratto di abbonamento o di qualsiasi rapporto pregresso. <\/p>\n\n\n\n<p>Puoi inoltre esercitare i seguenti diritti:<\/p>\n\n\n\n<ul class=\"wp-block-list\">\n<li>Richiedere l&#8217;accesso ai tuoi dati personali o la loro rettifica quando sono inesatti.<\/li>\n\n\n\n<li>Richiederne la cancellazione quando, tra gli altri motivi, i dati non sono pi\u00f9 necessari per le finalit\u00e0 per le quali sono stati raccolti.<\/li>\n\n\n\n<li>Richiedere la limitazione del trattamento in determinate circostanze.<\/li>\n\n\n\n<li>Richiesta di opposizione al trattamento dei tuoi dati per motivi connessi alla tua situazione particolare.<\/li>\n\n\n\n<li>Richiedere la portabilit\u00e0 dei dati nei casi previsti dalla normativa.<\/li>\n\n\n\n<li>Altri diritti riconosciuti dalla normativa applicabile.<\/li>\n<\/ul>\n\n\n\n<p>Dove e come richiedere i tuoi diritti: Inviando una richiesta scritta al titolare del trattamento al suo indirizzo postale o elettronico (indicato nella sezione A), indicando il riferimento \u201cDati Personali\u201d, specificando il diritto che vuoi esercitare e per quali dati personali.<\/p>\n\n\n\n<p>In caso di disaccordo con l&#8217;azienda in merito al trattamento dei tuoi dati, puoi presentare un reclamo all&#8217;Autorit\u00e0 Garante per la Protezione dei Dati Personali ( <a href=\"http:\/\/www.agpd.es\/\" target=\"_blank\" rel=\"noopener\">www.agpd.es<\/a> ).<\/p>\n\n\n\n<p><strong>5. Biscotti<\/strong><\/p>\n\n\n\n<p>Questo sito web utilizza solo cookie tecnici, di personalizzazione e di analisi, sia propri che di terze parti (Google Analytics), che in nessun caso elaborano dati personali n\u00e9 raccolgono abitudini di navigazione a fini pubblicitari.<\/p>\n\n\n\n<p>Pertanto, quando si accede al nostro sito web, in conformit\u00e0 con l&#8217;articolo 22 della Legge sui Servizi della Societ\u00e0 dell&#8217;Informazione, quando si tratta di cookie di analisi, abbiamo richiesto il tuo consenso per il loro utilizzo e fornito informazioni su di essi, che in ogni caso saranno installati dopo un periodo di tempo ragionevole affinch\u00e9 l&#8217;utente abbia il tempo di decidere se prestare o meno il proprio consenso.<\/p>\n\n\n\n<p><strong>6. Sicurezza dei tuoi dati personali<\/strong><\/p>\n\n\n\n<p>Al fine di salvaguardare la sicurezza dei tuoi dati personali, ti informiamo che abbiamo adottato tutte le misure tecniche e organizzative necessarie per garantire la sicurezza dei dati personali forniti contro l&#8217;alterazione, la perdita, il trattamento o l&#8217;accesso non autorizzati.<\/p>\n\n\n\n<p><strong>7. Aggiornamento dei dati<\/strong><\/p>\n\n\n\n<p>Per consentirci di mantenere aggiornati i tuoi dati personali, \u00e8 importante che tu ci informi ogni volta che si verificano modifiche agli stessi; in caso contrario, non possiamo garantirne l&#8217;accuratezza.<\/p>\n\n\n\n<p>Non siamo responsabili delle politiche sulla privacy relative ai dati personali che potresti fornire a terze parti tramite link disponibili sul nostro sito web.<\/p>\n\n\n\n<p>La presente Informativa sulla privacy pu\u00f2 essere modificata per adattarsi ai cambiamenti del nostro sito web, nonch\u00e9 alle modifiche legislative o giurisprudenziali che potrebbero verificarsi in materia di dati personali, pertanto ti invitiamo a leggerla ogni volta che ci fornisci i tuoi dati tramite questo sito web.<\/p>\n","protected":false},"excerpt":{"rendered":"<p>La riservatezza e la sicurezza sono valori fondamentali per Formentera Rent a Moto SL e, di conseguenza, ci impegniamo a garantire la privacy degli utenti in ogni momento e a non raccogliere informazioni non necessarie. Di seguito, forniamo tutte le informazioni necessarie sulla nostra Informativa sulla privacy relativa ai dati personali che raccogliamo, spiegando: 1. [&hellip;]<\/p>\n","protected":false},"author":100130,"featured_media":0,"parent":0,"menu_order":0,"comment_status":"closed","ping_status":"closed","template":"","meta":{"_acf_changed":false,"footnotes":""},"class_list":["post-1401","page","type-page","status-publish","hentry"],"acf":[],"_links":{"self":[{"href":"https:\/\/formenterarentamoto.com\/it\/wp-json\/wp\/v2\/pages\/1401","targetHints":{"allow":["GET"]}}],"collection":[{"href":"https:\/\/formenterarentamoto.com\/it\/wp-json\/wp\/v2\/pages"}],"about":[{"href":"https:\/\/formenterarentamoto.com\/it\/wp-json\/wp\/v2\/types\/page"}],"author":[{"embeddable":true,"href":"https:\/\/formenterarentamoto.com\/it\/wp-json\/wp\/v2\/users\/100130"}],"replies":[{"embeddable":true,"href":"https:\/\/formenterarentamoto.com\/it\/wp-json\/wp\/v2\/comments?post=1401"}],"version-history":[{"count":10,"href":"https:\/\/formenterarentamoto.com\/it\/wp-json\/wp\/v2\/pages\/1401\/revisions"}],"predecessor-version":[{"id":21983,"href":"https:\/\/formenterarentamoto.com\/it\/wp-json\/wp\/v2\/pages\/1401\/revisions\/21983"}],"wp:attachment":[{"href":"https:\/\/formenterarentamoto.com\/it\/wp-json\/wp\/v2\/media?parent=1401"}],"curies":[{"name":"wp","href":"https:\/\/api.w.org\/{rel}","templated":true}]}}